{"id":25402,"date":"2016-08-01T14:39:37","date_gmt":"2016-08-01T12:39:37","guid":{"rendered":"https:\/\/gdi.net\/cookies-policy\/"},"modified":"2022-03-02T11:12:22","modified_gmt":"2022-03-02T10:12:22","slug":"cookies-policy","status":"publish","type":"page","link":"https:\/\/gdi.net\/sr\/cookies-policy\/","title":{"rendered":"Cookies Policy"},"content":{"rendered":"<div class=\"fusion-fullwidth fullwidth-box fusion-builder-row-1 nonhundred-percent-fullwidth non-hundred-percent-height-scrolling\" style=\"--awb-background-position:left top;--awb-border-sizes-top:0px;--awb-border-sizes-bottom:0px;--awb-border-sizes-left:0px;--awb-border-sizes-right:0px;--awb-border-color:#f5f5f5;--awb-border-radius-top-left:0px;--awb-border-radius-top-right:0px;--awb-border-radius-bottom-right:0px;--awb-border-radius-bottom-left:0px;--awb-padding-top:30px;--awb-padding-bottom:10px;--awb-background-color:#ffffff;--awb-flex-wrap:wrap;\" ><div class=\"fusion-builder-row fusion-row\"><div class=\"fusion-layout-column fusion_builder_column fusion-builder-column-0 fusion_builder_column_1_1 1_1 fusion-one-full fusion-column-first fusion-column-last\" style=\"--awb-bg-size:cover;\"><div class=\"fusion-column-wrapper fusion-flex-column-wrapper-legacy\"><div class=\"fusion-text fusion-text-1\" style=\"--awb-text-transform:none;\"><div class=\"cli_pg_page_contaner\">\n<h3>O politici kola\u010di\u0107a<\/h3>\n<div>\n<p>Ova Politika kola\u010di\u0107a obja\u0161njava \u0161ta su kola\u010di\u0107i i kako ih mi koristimo, tipove kola\u010di\u0107a koje koristimo, odnosno koje informacije prikupljamo pomo\u0107u kola\u010di\u0107a, kako se ti podaci koriste, kao i metode pode\u0161avanja kola\u010di\u0107a. Za vi\u0161e informacija o tome kako koristimo, \u010duvamo i odr\u017eavamo bezbednim va\u0161e li\u010dne podatke, pogledajte na\u0161u Politiku privatnosti.<\/p>\n<p>U svakom momentu mo\u017eete povu\u0107i va\u0161u saglasnost iz izjave o kola\u010di\u0107ima na na\u0161oj web stranici.<br \/>\nSaznajte vi\u0161e o nama, kako nas mo\u017eete kontaktirati i kako obra\u0111ujemo podatke o li\u010dnosti u na\u0161oj Politici privatnosti.<br \/>\nVa\u0161a saglasnost se primenjuje na slede\u0107e domene: gdi.net[user_consent_state]\n<\/div>\n<h3>\u0160ta su kola\u010di\u0107i?<\/h3>\n<div>Kola\u010di\u0107i su mali tekstualni fajlovi koji se koriste za skladi\u0161tenje manje koli\u010dine informacija. Skladi\u0161te se na va\u0161em ure\u0111aju kada se web stranica u\u010dita u va\u0161em pretra\u017eiva\u010du. Ovi kola\u010di\u0107i poma\u017eu da web stranica bolje funkcioni\u0161e, \u010dine je bezbednijom, omogu\u0107avaju bolje iskustvo u kori\u0161\u0107enju i poma\u017eu nam da bolje razumemo performanse web stranice i da analiziramo segmente koji rade i one kojima je potrebno unapre\u0111enje.<\/div>\n<h3>Kako koristimo kola\u010di\u0107e?<\/h3>\n<div>\n<p>Kao i ve\u0107ina online servisa, na\u0161a web stranica koristi kola\u010di\u0107e prve i tre\u0107e strane za razli\u010dite potrebe. Kola\u010di\u0107i prve strane su uglavnom neophodni kako bi web stranica ispravno funkcionisala i oni ne prikupljaju ni\u0161ta od va\u0161ih li\u010dnih podataka.<\/p>\n<p>Kola\u010di\u0107i tre\u0107e strane koji se koriste na na\u0161oj web stranici su prete\u017eno za razumevanje performansi same web stranice, na\u010dina na koji koristite na\u0161u web stranicu, odr\u017eavanje nivoa bezbednosti na\u0161ih servisa, obezbe\u0111ivanje reklamnog sadr\u017eaja koji je vama relevantan, a sve u cilju pru\u017eanja boljeg i unapre\u0111enog korisni\u010dkog iskustva i va\u0161e br\u017ee budu\u0107e interakcije sa na\u0161om web stranicom.<\/p>\n<\/div>\n<h3>Koje tipove kola\u010di\u0107a koristimo?<\/h3>\n<div>\n<p>Neophodni: Neki kola\u010di\u0107i su neophodni da biste mogli da iskusite sve funkcionalnosti na\u0161e stranice. Ovakvi kola\u010di\u0107i nam omogu\u0107avaju da odr\u017eimo korisni\u010dke sesije i preventiramo bilo kakve sigurnosne pretnje. Oni ne prikupljaju podatka ili skladi\u0161te bilo kakve li\u010dne informacije. Npr. ovi kola\u010di\u0107i vam omogu\u0107avaju da se ulogujete u va\u0161 nalog, da dodate proizvode u va\u0161u korpu i da bezbedno platite.<\/p>\n<p>Statisti\u010dki: Ovi kola\u010di\u0107i skladi\u0161te informacije poput broja posetilaca stranice, broj jedinstvenih posetilaca stranice, koje stranice websajta su bile pose\u0107ene, odakle pristupaju korisnici i sl. Ovi podaci nam poma\u017eu da razumemo i analiziramo koliko dobro funkcioni\u0161e websajt i gde treba napraviti pobolj\u0161anja.<\/p>\n<p>Marketin\u0161ki: Na\u0161e web stranice prikazuju reklame. Ovi kola\u010di\u0107i se koriste za personalizaciju reklamnog sadr\u017eaja koji vam prikazujemo, tako da vam bude relevantan. Ovi kola\u010di\u0107i tako\u0111e poma\u017eu da se isprati efikasnost ovih reklamnih kampanja.<br \/>\nInformacije koje se skladi\u0161te u ovim kola\u010di\u0107ima mogu biti kori\u0161\u0107ene od strane tre\u0107ih lica koja postavljaju reklame, kako bi vam prikazivali va\u0161e reklame i na drugim web stranicama u pretra\u017eiva\u010du.<\/p>\n<p>Funkcionalni: Ovi kola\u010di\u0107i potpoma\u017eu pojedine sporedne funkcionalnosti na na\u0161oj web stranici. Ove funkcionalnosti uklju\u010duju ugra\u0111ivanje sadr\u017eaja poput videa ili deljenja sadr\u017eaja web stranice na platformama dru\u0161tvenih mre\u017ea.<\/p>\n<p>Preferencije: Ovi kola\u010di\u0107i nam poma\u017eu da skladi\u0161timo va\u0161a pode\u0161avanja poput odabira jezika, kako biste imali bolje i efikasnije iskustvo u budu\u0107im posetama web stranici.[cookie_audit columns=&#8220;cookie,description&#8220; heading=&#8220;Lista u produ\u017eetku sadr\u017ei detalje o kola\u010di\u0107ima koji se koriste na na\u0161oj web stranici.&#8220;]\n<\/p><\/div>\n<h3>Kako mogu da upravljam kola\u010di\u0107ima?<\/h3>\n<div>\n<p>Ukoliko odlu\u010dite da promenite svoja pode\u0161avanja kasnije tokom va\u0161e sesije, mo\u017eete kliknuti na \u201cPolitiku kola\u010di\u0107a\u201d link u dnu stranice. Ova stranica \u0107e se otvoriti i mo\u0107i \u0107ete da izmenite pode\u0161avanja va\u0161ih kola\u010di\u0107a klikom na dugme ispod.<\/p>\n<p>[cookie_settings margin=&#8220;10px 5px 10px 0px&#8220;]<\/p>\n<p>Dodatno, razli\u010diti pretra\u017eiva\u010di omogu\u0107avaju druga\u010dije metode blokiranja i brisanja kola\u010di\u0107a koje koriste web stranice. Mo\u017eete napraviti izmene u pode\u0161avanjima va\u0161eg pretra\u017eiva\u010da kako biste blokirali\/brisali kola\u010di\u0107e. Da saznate vi\u0161e o tome kako mo\u017eete upravljati i brisati kola\u010di\u0107e, posetite www.wikipedia.org, www.allaboutcookies.org.<\/p>\n<\/div>\n<\/div>\n<\/div><div class=\"fusion-clearfix\"><\/div><\/div><\/div><\/div><\/div>\n","protected":false},"excerpt":{"rendered":"","protected":false},"author":35,"featured_media":0,"parent":0,"menu_order":0,"comment_status":"closed","ping_status":"closed","template":"100-width.php","meta":{"_acf_changed":false,"footnotes":""},"class_list":["post-25402","page","type-page","status-publish","hentry"],"acf":[],"yoast_head":"<!-- This site is optimized with the Yoast SEO Premium plugin v27.0 (Yoast SEO v27.0) - https:\/\/yoast.com\/product\/yoast-seo-premium-wordpress\/ -->\n<title>GDi - Cookies Policy<\/title>\n<meta name=\"robots\" content=\"index, follow, max-snippet:-1, max-image-preview:large, max-video-preview:-1\" \/>\n<link rel=\"canonical\" href=\"https:\/\/gdi.net\/sr\/cookies-policy\/\" \/>\n<meta property=\"og:locale\" content=\"sr_RS\" \/>\n<meta property=\"og:type\" content=\"article\" \/>\n<meta property=\"og:title\" content=\"Cookies Policy\" \/>\n<meta property=\"og:url\" content=\"https:\/\/gdi.net\/sr\/cookies-policy\/\" \/>\n<meta property=\"og:site_name\" content=\"GDi\" \/>\n<meta property=\"article:publisher\" content=\"https:\/\/www.facebook.com\/gdigroup\" \/>\n<meta property=\"article:modified_time\" content=\"2022-03-02T10:12:22+00:00\" \/>\n<meta property=\"og:image\" content=\"https:\/\/gdi.net\/wp-content\/uploads\/2016\/04\/GDi_cyan_logo_200px.png\" \/>\n\t<meta property=\"og:image:width\" content=\"200\" \/>\n\t<meta property=\"og:image:height\" content=\"200\" \/>\n\t<meta property=\"og:image:type\" content=\"image\/png\" \/>\n<meta name=\"twitter:card\" content=\"summary_large_image\" \/>\n<script type=\"application\/ld+json\" class=\"yoast-schema-graph\">{\"@context\":\"https:\/\/schema.org\",\"@graph\":[{\"@type\":\"WebPage\",\"@id\":\"https:\/\/gdi.net\/sr\/cookies-policy\/\",\"url\":\"https:\/\/gdi.net\/sr\/cookies-policy\/\",\"name\":\"GDi - Cookies Policy\",\"isPartOf\":{\"@id\":\"https:\/\/gdi.net\/sr\/#website\"},\"datePublished\":\"2016-08-01T12:39:37+00:00\",\"dateModified\":\"2022-03-02T10:12:22+00:00\",\"breadcrumb\":{\"@id\":\"https:\/\/gdi.net\/sr\/cookies-policy\/#breadcrumb\"},\"inLanguage\":\"sr-RS\",\"potentialAction\":[{\"@type\":\"ReadAction\",\"target\":[\"https:\/\/gdi.net\/sr\/cookies-policy\/\"]}]},{\"@type\":\"BreadcrumbList\",\"@id\":\"https:\/\/gdi.net\/sr\/cookies-policy\/#breadcrumb\",\"itemListElement\":[{\"@type\":\"ListItem\",\"position\":1,\"name\":\"Home\",\"item\":\"https:\/\/gdi.net\/sr\/\"},{\"@type\":\"ListItem\",\"position\":2,\"name\":\"Cookies Policy\"}]},{\"@type\":\"WebSite\",\"@id\":\"https:\/\/gdi.net\/sr\/#website\",\"url\":\"https:\/\/gdi.net\/sr\/\",\"name\":\"GDi\",\"description\":\"GDi corporate website\",\"publisher\":{\"@id\":\"https:\/\/gdi.net\/sr\/#organization\"},\"potentialAction\":[{\"@type\":\"SearchAction\",\"target\":{\"@type\":\"EntryPoint\",\"urlTemplate\":\"https:\/\/gdi.net\/sr\/?s={search_term_string}\"},\"query-input\":{\"@type\":\"PropertyValueSpecification\",\"valueRequired\":true,\"valueName\":\"search_term_string\"}}],\"inLanguage\":\"sr-RS\"},{\"@type\":\"Organization\",\"@id\":\"https:\/\/gdi.net\/sr\/#organization\",\"name\":\"GDi\",\"url\":\"https:\/\/gdi.net\/sr\/\",\"logo\":{\"@type\":\"ImageObject\",\"inLanguage\":\"sr-RS\",\"@id\":\"https:\/\/gdi.net\/sr\/#\/schema\/logo\/image\/\",\"url\":\"https:\/\/gdi.net\/wp-content\/uploads\/2016\/04\/GDi_cyan_logo_200px.png\",\"contentUrl\":\"https:\/\/gdi.net\/wp-content\/uploads\/2016\/04\/GDi_cyan_logo_200px.png\",\"width\":200,\"height\":200,\"caption\":\"GDi\"},\"image\":{\"@id\":\"https:\/\/gdi.net\/sr\/#\/schema\/logo\/image\/\"},\"sameAs\":[\"https:\/\/www.facebook.com\/gdigroup\",\"https:\/\/www.instagram.com\/gdionegroup\/\",\"https:\/\/www.linkedin.com\/company\/gdi-group\",\"https:\/\/www.youtube.com\/channel\/UCfEnNBafyeAeqPOdfUydjBQ\"]}]}<\/script>\n<!-- \/ Yoast SEO Premium plugin. -->","yoast_head_json":{"title":"GDi - Cookies Policy","robots":{"index":"index","follow":"follow","max-snippet":"max-snippet:-1","max-image-preview":"max-image-preview:large","max-video-preview":"max-video-preview:-1"},"canonical":"https:\/\/gdi.net\/sr\/cookies-policy\/","og_locale":"sr_RS","og_type":"article","og_title":"Cookies Policy","og_url":"https:\/\/gdi.net\/sr\/cookies-policy\/","og_site_name":"GDi","article_publisher":"https:\/\/www.facebook.com\/gdigroup","article_modified_time":"2022-03-02T10:12:22+00:00","og_image":[{"width":200,"height":200,"url":"https:\/\/gdi.net\/wp-content\/uploads\/2016\/04\/GDi_cyan_logo_200px.png","type":"image\/png"}],"twitter_card":"summary_large_image","schema":{"@context":"https:\/\/schema.org","@graph":[{"@type":"WebPage","@id":"https:\/\/gdi.net\/sr\/cookies-policy\/","url":"https:\/\/gdi.net\/sr\/cookies-policy\/","name":"GDi - Cookies Policy","isPartOf":{"@id":"https:\/\/gdi.net\/sr\/#website"},"datePublished":"2016-08-01T12:39:37+00:00","dateModified":"2022-03-02T10:12:22+00:00","breadcrumb":{"@id":"https:\/\/gdi.net\/sr\/cookies-policy\/#breadcrumb"},"inLanguage":"sr-RS","potentialAction":[{"@type":"ReadAction","target":["https:\/\/gdi.net\/sr\/cookies-policy\/"]}]},{"@type":"BreadcrumbList","@id":"https:\/\/gdi.net\/sr\/cookies-policy\/#breadcrumb","itemListElement":[{"@type":"ListItem","position":1,"name":"Home","item":"https:\/\/gdi.net\/sr\/"},{"@type":"ListItem","position":2,"name":"Cookies Policy"}]},{"@type":"WebSite","@id":"https:\/\/gdi.net\/sr\/#website","url":"https:\/\/gdi.net\/sr\/","name":"GDi","description":"GDi corporate website","publisher":{"@id":"https:\/\/gdi.net\/sr\/#organization"},"potentialAction":[{"@type":"SearchAction","target":{"@type":"EntryPoint","urlTemplate":"https:\/\/gdi.net\/sr\/?s={search_term_string}"},"query-input":{"@type":"PropertyValueSpecification","valueRequired":true,"valueName":"search_term_string"}}],"inLanguage":"sr-RS"},{"@type":"Organization","@id":"https:\/\/gdi.net\/sr\/#organization","name":"GDi","url":"https:\/\/gdi.net\/sr\/","logo":{"@type":"ImageObject","inLanguage":"sr-RS","@id":"https:\/\/gdi.net\/sr\/#\/schema\/logo\/image\/","url":"https:\/\/gdi.net\/wp-content\/uploads\/2016\/04\/GDi_cyan_logo_200px.png","contentUrl":"https:\/\/gdi.net\/wp-content\/uploads\/2016\/04\/GDi_cyan_logo_200px.png","width":200,"height":200,"caption":"GDi"},"image":{"@id":"https:\/\/gdi.net\/sr\/#\/schema\/logo\/image\/"},"sameAs":["https:\/\/www.facebook.com\/gdigroup","https:\/\/www.instagram.com\/gdionegroup\/","https:\/\/www.linkedin.com\/company\/gdi-group","https:\/\/www.youtube.com\/channel\/UCfEnNBafyeAeqPOdfUydjBQ"]}]}},"_links":{"self":[{"href":"https:\/\/gdi.net\/sr\/wp-json\/wp\/v2\/pages\/25402","targetHints":{"allow":["GET"]}}],"collection":[{"href":"https:\/\/gdi.net\/sr\/wp-json\/wp\/v2\/pages"}],"about":[{"href":"https:\/\/gdi.net\/sr\/wp-json\/wp\/v2\/types\/page"}],"author":[{"embeddable":true,"href":"https:\/\/gdi.net\/sr\/wp-json\/wp\/v2\/users\/35"}],"replies":[{"embeddable":true,"href":"https:\/\/gdi.net\/sr\/wp-json\/wp\/v2\/comments?post=25402"}],"version-history":[{"count":0,"href":"https:\/\/gdi.net\/sr\/wp-json\/wp\/v2\/pages\/25402\/revisions"}],"wp:attachment":[{"href":"https:\/\/gdi.net\/sr\/wp-json\/wp\/v2\/media?parent=25402"}],"curies":[{"name":"wp","href":"https:\/\/api.w.org\/{rel}","templated":true}]}}