{"id":25315,"date":"2017-06-14T10:22:05","date_gmt":"2017-06-14T08:22:05","guid":{"rendered":"https:\/\/gdi.net\/?page_id=25315\/"},"modified":"2018-01-17T17:56:16","modified_gmt":"2018-01-17T16:56:16","slug":"events-calendar","status":"publish","type":"page","link":"https:\/\/gdi.net\/sr\/events-calendar\/","title":{"rendered":"Events Calendar"},"content":{"rendered":"<p><div class=\"fusion-fullwidth fullwidth-box fusion-builder-row-1 nonhundred-percent-fullwidth non-hundred-percent-height-scrolling fusion-no-small-visibility\" style=\"--awb-border-radius-top-left:0px;--awb-border-radius-top-right:0px;--awb-border-radius-bottom-right:0px;--awb-border-radius-bottom-left:0px;--awb-margin-top:20px;--awb-margin-bottom:0px;--awb-flex-wrap:wrap;\" ><div class=\"fusion-builder-row fusion-row\"><div class=\"fusion-layout-column fusion_builder_column fusion-builder-column-0 fusion_builder_column_1_1 1_1 fusion-one-full fusion-column-first fusion-column-last\" style=\"--awb-bg-color:rgba(255,255,255,0.57);--awb-bg-color-hover:rgba(255,255,255,0.57);--awb-bg-size:cover;--awb-margin-bottom:0px;\"><div class=\"fusion-column-wrapper fusion-flex-column-wrapper-legacy\"><div class=\"fusion-text fusion-text-1\"><style type=\"text\/css\">\r\n\t\t\t\t\r\n\t\t\t\t\t\t.breadcrumb-container {\r\n\t\t\t\t\t\t  font-size: 16px  !important;\r\n\t\t\t\t\t\t}\r\n\t\t\t\t\r\n\t\t\t\t\t\t.breadcrumb-container li a{\r\n\t\t\t\t\t\t  color: #747474  !important;\r\n\t\t\t\t\t\t  font-size: 16px  !important;\r\n\t\t\t\t\t\t  line-height: 16px  !important;\r\n\t\t\t\t\t\t}\r\n\t\t\t\t\t\t\r\n\t\t\t\t\t\t.breadcrumb-container li .separator {\r\n\t\t\t\t\t\t  color: #747474  !important;\r\n\t\t\t\t\t\t  font-size: 16px  !important;\r\n\t\t\t\t\t\t}\t\t\t\t\t\t\r\n\t\t\t\t\t\t\r\n\t\t\t\t\t\t\r\n\t\t\t\t\r\n\t\t\t\t\r\n\t\t\t\t\t\t\t\r\n\t\t\t\t\t\t\t\r\n.breadcrumb-container.theme1 li {\r\n\tmargin: 0;\r\n\tpadding: 0;\r\n}\t\t\t\t\t\t\t\r\n\t\t\t\t\t\t\t\r\n.breadcrumb-container.theme1 a {\r\n\tbackground: #ffffff;\r\n\tdisplay: inline-block;\r\n\tmargin: 0 5px;\r\n\tpadding: 5px 10px;\r\n\ttext-decoration: none;\r\n}\r\n\r\n<\/style>\r\n\t\t\t\t<div class=\"breadcrumb-container theme1\" itemprop=\"breadcrumb\" itemscope itemtype=\"http:\/\/schema.org\/BreadcrumbList\"><ul itemtype=\"http:\/\/schema.org\/BreadcrumbList\" itemscope=\"\"><\/ul><\/div>\n<\/div><div class=\"fusion-clearfix\"><\/div><\/div><\/div><\/div><\/div><div class=\"fusion-fullwidth fullwidth-box fusion-builder-row-2 hundred-percent-fullwidth non-hundred-percent-height-scrolling\" style=\"--awb-border-radius-top-left:0px;--awb-border-radius-top-right:0px;--awb-border-radius-bottom-right:0px;--awb-border-radius-bottom-left:0px;--awb-padding-top:40px;--awb-padding-bottom:0px;--awb-flex-wrap:wrap;\" ><div class=\"fusion-builder-row fusion-row\"><div class=\"fusion-layout-column fusion_builder_column fusion-builder-column-1 fusion_builder_column_1_1 1_1 fusion-one-full fusion-column-first fusion-column-last fusion-column-no-min-height\" style=\"--awb-bg-size:cover;--awb-margin-bottom:0px;\"><div class=\"fusion-column-wrapper fusion-flex-column-wrapper-legacy\"><div class=\"fusion-text fusion-text-2\"><div class=\"pt-cv-wrapper\"><div class=\"pt-cv-view pt-cv-timeline pt-cv-pginfinite\" id=\"pt-cv-view-b9a806c64y\"><div class=\"tl-spine\"><a href=\"#\"><\/a><\/div>\n<div class=\"tl-items\">\n<div class=\"tl-item pt-left\"><div class=\"tl-item-content\"><i class=\"tl-pointer\"><\/i><div class=\" pt-cv-content-item pt-cv-1-col\"  data-pid=\"135602\"><a href=\"https:\/\/gdi.net\/sr\/events-list\/gdi-solutions-day-2025-beograd\/\" class=\"_self pt-cv-href-thumbnail pt-cv-thumb-default cvplbd cvp-lazy-container\" target=\"_self\" ><img decoding=\"async\" width=\"1280\" height=\"768\" src=\"https:\/\/gdi.net\/wp-content\/plugins\/pt-content-views-pro\/public\/assets\/images\/lazy_image.png\" class=\"pt-cv-thumbnail img-none skip-lazy  lazyload  no-lazyload  cvplazy\" alt=\"GDi Solutions Day 2025 Beograd\" data-cvpsrc=\"https:\/\/gdi.net\/wp-content\/uploads\/2025\/07\/SD_2025_main_Vizual_tablet_1280_x_768_px.jpg\" \/><\/a>\n<h5 class=\"pt-cv-title\"><a href=\"https:\/\/gdi.net\/sr\/events-list\/gdi-solutions-day-2025-beograd\/\" class=\"_self cvplbd\" target=\"_self\" >GDi Solutions Day 2025 Beograd<\/a><\/h5>\n<div class=\"pt-cv-ctf-list\" data-cvc=\"1\"><div class=\"col-md-12 pt-cv-ctf-column\"><div class=\"pt-cv-custom-fields pt-cv-ctf-event_end_date\"><div class=\"pt-cv-ctf-value\">09\/10\/2025<\/div><\/div><\/div><\/div>\n<div class=\"pt-cv-content\">Sa velikim zadovoljstvom vas i ove godine pozivamo na na\u0161 tradicionalni GDi Solutions Day 2025 \u2013 interesantan i informativan doga\u0111aj<\/div><\/div><\/div><\/div>\n<div class=\"tl-item pt-right\"><div class=\"tl-item-content\"><i class=\"tl-pointer\"><\/i><div class=\" pt-cv-content-item pt-cv-1-col\"  data-pid=\"125510\"><a href=\"https:\/\/gdi.net\/sr\/events-list\/gdi-solutions-day-2024-beograd\/\" class=\"_self pt-cv-href-thumbnail pt-cv-thumb-default cvplbd cvp-lazy-container\" target=\"_self\" ><img decoding=\"async\" width=\"1920\" height=\"1080\" src=\"https:\/\/gdi.net\/wp-content\/plugins\/pt-content-views-pro\/public\/assets\/images\/lazy_image.png\" class=\"pt-cv-thumbnail img-none skip-lazy  lazyload  no-lazyload  cvplazy\" alt=\"GDi Solutions Day 2024 Beograd\" data-cvpsrc=\"https:\/\/gdi.net\/wp-content\/uploads\/2024\/06\/Naslovna_slika_desktop_1920x1080.jpg\" \/><\/a>\n<h5 class=\"pt-cv-title\"><a href=\"https:\/\/gdi.net\/sr\/events-list\/gdi-solutions-day-2024-beograd\/\" class=\"_self cvplbd\" target=\"_self\" >GDi Solutions Day 2024 Beograd<\/a><\/h5>\n<div class=\"pt-cv-ctf-list\" data-cvc=\"1\"><div class=\"col-md-12 pt-cv-ctf-column\"><div class=\"pt-cv-custom-fields pt-cv-ctf-event_end_date\"><div class=\"pt-cv-ctf-value\">16\/10\/2024<\/div><\/div><\/div><\/div>\n<div class=\"pt-cv-content\">I ove godine vas sa velikim zadovoljstvom pozivamo na tradicionalni GDi Solutions Day 2024 \u2013 na\u0161 interesantan i informativan doga\u0111aj<\/div><\/div><\/div><\/div>\n<div class=\"tl-item pt-left\"><div class=\"tl-item-content\"><i class=\"tl-pointer\"><\/i><div class=\" pt-cv-content-item pt-cv-1-col\"  data-pid=\"113593\"><a href=\"https:\/\/gdi.net\/sr\/events-list\/gdi-solutions-day-2022-beograd\/\" class=\"_self pt-cv-href-thumbnail pt-cv-thumb-default cvplbd cvp-lazy-container\" target=\"_self\" ><img decoding=\"async\" width=\"300\" height=\"200\" src=\"https:\/\/gdi.net\/wp-content\/plugins\/pt-content-views-pro\/public\/assets\/images\/lazy_image.png\" class=\"pt-cv-thumbnail img-none skip-lazy  lazyload  no-lazyload  cvplazy\" alt=\"Solutions-Day-2022-Belgrade-featured-small\" data-cvpsrc=\"https:\/\/gdi.net\/wp-content\/uploads\/2022\/08\/Solutions-Day-2022-Belgrade-featured-small.jpg\" \/><\/a>\n<h5 class=\"pt-cv-title\"><a href=\"https:\/\/gdi.net\/sr\/events-list\/gdi-solutions-day-2022-beograd\/\" class=\"_self cvplbd\" target=\"_self\" >GDi Solutions Day 2022- Beograd<\/a><\/h5>\n<div class=\"pt-cv-ctf-list\" data-cvc=\"1\"><div class=\"col-md-12 pt-cv-ctf-column\"><div class=\"pt-cv-custom-fields pt-cv-ctf-event_end_date\"><div class=\"pt-cv-ctf-value\">04\/10\/2022<\/div><\/div><\/div><\/div>\n<div class=\"pt-cv-content\">Pridru\u017eite nam se! Zadovoljstvo nam je da vas pozovemo da nam se pridru\u017eite na na\u0161em interesantnom i informativnom GDi Solutions<\/div><\/div><\/div><\/div>\n<div class=\"tl-item pt-right\"><div class=\"tl-item-content\"><i class=\"tl-pointer\"><\/i><div class=\" pt-cv-content-item pt-cv-1-col\"  data-pid=\"99598\"><a href=\"https:\/\/gdi.net\/sr\/events-list\/gdi-solutions-day-2021-beograd\/\" class=\"_self pt-cv-href-thumbnail pt-cv-thumb-default cvplbd cvp-lazy-container\" target=\"_self\" ><img decoding=\"async\" width=\"300\" height=\"200\" src=\"https:\/\/gdi.net\/wp-content\/plugins\/pt-content-views-pro\/public\/assets\/images\/lazy_image.png\" class=\"pt-cv-thumbnail img-none skip-lazy  lazyload  no-lazyload  cvplazy\" alt=\"Solutions Day 2021 Beograd\" data-cvpsrc=\"https:\/\/gdi.net\/wp-content\/uploads\/2021\/09\/SD2021-Belgrade-featured2.jpg\" \/><\/a>\n<h5 class=\"pt-cv-title\"><a href=\"https:\/\/gdi.net\/sr\/events-list\/gdi-solutions-day-2021-beograd\/\" class=\"_self cvplbd\" target=\"_self\" >GDi Solutions Day 2021 \u2013 Beograd<\/a><\/h5>\n<div class=\"pt-cv-ctf-list\" data-cvc=\"1\"><div class=\"col-md-12 pt-cv-ctf-column\"><div class=\"pt-cv-custom-fields pt-cv-ctf-event_end_date\"><div class=\"pt-cv-ctf-value\">04\/10\/2021<\/div><\/div><\/div><\/div>\n<div class=\"pt-cv-meta-fields\"><span class=\"terms\"> <a href='https:\/\/gdi.net\/sr\/event-type\/gdi-events-sr\/' title='GDi events' class='pt-cv-tax-gdi-events-sr'>GDi events<\/a><\/span><\/div>\n<div class=\"pt-cv-content\">Nakon pro\u0161logodi\u0161njeg dru\u017eenja u digitalnom formatu, GDi Solutions Day 2021 bi\u0107e odr\u017ean u\u017eivo. Na ovogodi\u0161njoj konferenciji predstavi\u0107emo i prezentovati na\u0161e<\/div><\/div><\/div><\/div>\n<div class=\"tl-item pt-left\"><div class=\"tl-item-content\"><i class=\"tl-pointer\"><\/i><div class=\" pt-cv-content-item pt-cv-1-col\"  data-pid=\"80258\"><a href=\"https:\/\/gdi.net\/sr\/events-list\/gdi-solutions-day-2020-belgrade\/\" class=\"_self pt-cv-href-thumbnail pt-cv-thumb-default cvplbd cvp-lazy-container\" target=\"_self\" ><img decoding=\"async\" width=\"300\" height=\"200\" src=\"https:\/\/gdi.net\/wp-content\/plugins\/pt-content-views-pro\/public\/assets\/images\/lazy_image.png\" class=\"pt-cv-thumbnail img-none skip-lazy  lazyload  no-lazyload  cvplazy\" alt=\"SD2020-Belgrade-blue-featured\" data-cvpsrc=\"https:\/\/gdi.net\/wp-content\/uploads\/2020\/09\/SD2020-Belgrade-blue-featured.jpg\" \/><\/a>\n<h5 class=\"pt-cv-title\"><a href=\"https:\/\/gdi.net\/sr\/events-list\/gdi-solutions-day-2020-belgrade\/\" class=\"_self cvplbd\" target=\"_self\" >GDi Solutions Day 2020 &#8211; Beograd<\/a><\/h5>\n<div class=\"pt-cv-ctf-list\" data-cvc=\"1\"><div class=\"col-md-12 pt-cv-ctf-column\"><div class=\"pt-cv-custom-fields pt-cv-ctf-event_end_date\"><div class=\"pt-cv-ctf-value\">15\/10\/2020<\/div><\/div><\/div><\/div>\n<div class=\"pt-cv-meta-fields\"><span class=\"terms\"> <a href='https:\/\/gdi.net\/sr\/event-type\/gdi-events-sr\/' title='GDi events' class='pt-cv-tax-gdi-events-sr'>GDi events<\/a>, <a href='https:\/\/gdi.net\/sr\/event-type\/webinar-sr\/' title='Webinar' class='pt-cv-tax-webinar-sr'>Webinar<\/a><\/span><\/div>\n<div class=\"pt-cv-content\">GDi Solutions Day 2020 \u2013 Beograd je deo niza doga\u0111aja koji se ove godine odr\u017eavaju virtuelno u svim zemljama regiona,<\/div><\/div><\/div><\/div>\n<div class=\"tl-item pt-right\"><div class=\"tl-item-content\"><i class=\"tl-pointer\"><\/i><div class=\" pt-cv-content-item pt-cv-1-col\"  data-pid=\"62121\"><a href=\"https:\/\/gdi.net\/sr\/events-list\/gdi-solutions-day-2019-podgorica\/\" class=\"_self pt-cv-href-thumbnail pt-cv-thumb-default cvplbd cvp-lazy-container\" target=\"_self\" ><img decoding=\"async\" width=\"300\" height=\"200\" src=\"https:\/\/gdi.net\/wp-content\/plugins\/pt-content-views-pro\/public\/assets\/images\/lazy_image.png\" class=\"pt-cv-thumbnail img-none skip-lazy  lazyload  no-lazyload  cvplazy\" alt=\"featured-img-montenegro-SD2019-1\" data-cvpsrc=\"https:\/\/gdi.net\/wp-content\/uploads\/2019\/08\/featured-img-montenegro-SD2019-1.jpg\" \/><\/a>\n<h5 class=\"pt-cv-title\"><a href=\"https:\/\/gdi.net\/sr\/events-list\/gdi-solutions-day-2019-podgorica\/\" class=\"_self cvplbd\" target=\"_self\" >GDi Solutions Day 2019 &#8211; Podgorica<\/a><\/h5>\n<div class=\"pt-cv-ctf-list\" data-cvc=\"1\"><div class=\"col-md-12 pt-cv-ctf-column\"><div class=\"pt-cv-custom-fields pt-cv-ctf-event_end_date\"><div class=\"pt-cv-ctf-value\">27\/09\/2019<\/div><\/div><\/div><\/div>\n<div class=\"pt-cv-content\">Bilo nam je zadovoljstvo da vas vidimo na na\u0161em GDi Solutions Day 2019 doga\u0111aju u Podgorici.<\/div><\/div><\/div><\/div>\n<\/div><\/div>\n<div class=\"text-left pt-cv-pagination-wrapper\"><a href='https:\/\/gdi.net\/sr\/wp-json\/wp\/v2\/pages\/25315\/?_page=2' onclick='event.preventDefault()' class=\"pt-cv-more btn btn-primary btn-sm\" data-totalpages=\"3\" data-nextpages=\"2\" data-sid=\"b9a806c64y\" data-unid=\"\">More <span class=\"caret\"><\/span><\/a><img decoding=\"async\" width=\"15\" height=\"15\" class=\"pt-cv-spinner\" alt=\"Loading...\" src=\"data:image\/gif;base64,R0lGODlhDwAPALMPAMrKygwMDJOTkz09PZWVla+vr3p6euTk5M7OzuXl5TMzMwAAAJmZmWZmZszMzP\/\/\/yH\/C05FVFNDQVBFMi4wAwEAAAAh+QQFCgAPACwAAAAADwAPAAAEQvDJaZaZOIcV8iQK8VRX4iTYoAwZ4iCYoAjZ4RxejhVNoT+mRGP4cyF4Pp0N98sBGIBMEMOotl6YZ3S61Bmbkm4mAgAh+QQFCgAPACwAAAAADQANAAAENPDJSRSZeA418itN8QiK8BiLITVsFiyBBIoYqnoewAD4xPw9iY4XLGYSjkQR4UAUD45DLwIAIfkEBQoADwAsAAAAAA8ACQAABC\/wyVlamTi3nSdgwFNdhEJgTJoNyoB9ISYoQmdjiZPcj7EYCAeCF1gEDo4Dz2eIAAAh+QQFCgAPACwCAAAADQANAAAEM\/DJBxiYeLKdX3IJZT1FU0iIg2RNKx3OkZVnZ98ToRD4MyiDnkAh6BkNC0MvsAj0kMpHBAAh+QQFCgAPACwGAAAACQAPAAAEMDC59KpFDll73HkAA2wVY5KgiK5b0RRoI6MuzG6EQqCDMlSGheEhUAgqgUUAFRySIgAh+QQFCgAPACwCAAIADQANAAAEM\/DJKZNLND\/kkKaHc3xk+QAMYDKsiaqmZCxGVjSFFCxB1vwy2oOgIDxuucxAMTAJFAJNBAAh+QQFCgAPACwAAAYADwAJAAAEMNAs86q1yaWwwv2Ig0jUZx3OYa4XoRAfwADXoAwfo1+CIjyFRuEho60aSNYlOPxEAAAh+QQFCgAPACwAAAIADQANAAAENPA9s4y8+IUVcqaWJ4qEQozSoAzoIyhCK2NFU2SJk0hNnyEOhKR2AzAAj4Pj4GE4W0bkJQIAOw==\" \/><div class=\"clear pt-cv-clear-pagination\"><\/div><\/div><\/div>\t\t\t<style type=\"text\/css\" id=\"pt-cv-inline-style-2a117c0zw8\">#pt-cv-view-b9a806c64y  .pt-cv-content-item   { background-color: #ffffff !important; }\n#pt-cv-view-b9a806c64y .pt-cv-title a, #pt-cv-view-b9a806c64y  .panel-title { color: #000000 !important; background-color: rgba(255,255,255,0) !important; }\n#pt-cv-view-b9a806c64y  .pt-cv-title a:hover, #pt-cv-view-b9a806c64y  .panel-title:hover   { color: #000000 !important; background-color: rgba(255,255,255,0) !important; }\n#pt-cv-view-b9a806c64y .pt-cv-content , #pt-cv-view-b9a806c64y  .pt-cv-content *:not(.pt-cv-readmore):not(style):not(script) { font-size: 14px !important; background-color: rgba(255,255,255,0) !important; line-height: 1.5 !important; }\n@media (min-width: 768px) and (max-width: 991px) {#pt-cv-view-b9a806c64y .pt-cv-content , #pt-cv-view-b9a806c64y  .pt-cv-content *:not(.pt-cv-readmore):not(style):not(script) { font-size: 14px !important }}\n@media (max-width: 767px) {#pt-cv-view-b9a806c64y .pt-cv-content , #pt-cv-view-b9a806c64y  .pt-cv-content *:not(.pt-cv-readmore):not(style):not(script) { font-size: 14px !important }}\n#pt-cv-view-b9a806c64y .pt-cv-carousel-caption  { background-color: rgba(51,51,51,.6) !important; }\n#pt-cv-view-b9a806c64y .pt-cv-meta-fields * { color: #00adee !important; }\n#pt-cv-view-b9a806c64y .pt-cv-specialp { background-color: rgba(0,0,0,0.5) !important }\n#pt-cv-view-b9a806c64y .pt-cv-specialp * { color: #fff !important; }\n#pt-cv-view-b9a806c64y .pt-cv-pficon  { color: #bbb !important; }\n#pt-cv-view-b9a806c64y .pt-cv-custom-fields * { font-size: 14px !important; line-height: 1.3 !important; }\n@media (min-width: 768px) and (max-width: 991px) {#pt-cv-view-b9a806c64y .pt-cv-custom-fields * { font-size: 14px !important }}\n@media (max-width: 767px) {#pt-cv-view-b9a806c64y .pt-cv-custom-fields * { font-size: 14px !important }}\n#pt-cv-view-b9a806c64y .pt-cv-readmore  { font-family: 'Open Sans', Arial, serif !important; color: #000000 !important; background-color: #ffffff !important; }\n#pt-cv-view-b9a806c64y .pt-cv-readmore:hover  { color: #00adee !important; background-color: #ffffff !important; }\n#pt-cv-view-b9a806c64y  + .pt-cv-pagination-wrapper .pt-cv-more , #pt-cv-view-b9a806c64y  + .pt-cv-pagination-wrapper .pagination .active a, .pt-cv-pagination[data-sid='b9a806c64y'] .active a { color: #ffffff !important; background-color: #00aeef !important; }<\/style>\r\n\t\t\t<link href='\/\/fonts.googleapis.com\/css?family=Open+Sans' rel='stylesheet' type='text\/css'>\n<\/div><div class=\"fusion-clearfix\"><\/div><\/div><\/div><\/div><\/div><\/p>\n","protected":false},"excerpt":{"rendered":"","protected":false},"author":35,"featured_media":25316,"parent":0,"menu_order":0,"comment_status":"open","ping_status":"closed","template":"","meta":{"_acf_changed":false,"footnotes":""},"class_list":["post-25315","page","type-page","status-publish","has-post-thumbnail","hentry"],"acf":[],"yoast_head":"<!-- This site is optimized with the Yoast SEO Premium plugin v27.0 (Yoast SEO v27.0) - https:\/\/yoast.com\/product\/yoast-seo-premium-wordpress\/ -->\n<title>GDi - Events Calendar<\/title>\n<meta name=\"description\" content=\"Take a look at events that we have organised or attended. See also future events in which the GDi team will be involved. All are welcome.\" \/>\n<meta name=\"robots\" content=\"index, follow, max-snippet:-1, max-image-preview:large, max-video-preview:-1\" \/>\n<link rel=\"canonical\" href=\"https:\/\/gdi.net\/sr\/events-calendar\/\" \/>\n<meta property=\"og:locale\" content=\"sr_RS\" \/>\n<meta property=\"og:type\" content=\"article\" \/>\n<meta property=\"og:title\" content=\"Events Calendar\" \/>\n<meta property=\"og:description\" content=\"Take a look at events that we have organised or attended. See also future events in which the GDi team will be involved. All are welcome.\" \/>\n<meta property=\"og:url\" content=\"https:\/\/gdi.net\/sr\/events-calendar\/\" \/>\n<meta property=\"og:site_name\" content=\"GDi\" \/>\n<meta property=\"article:publisher\" content=\"https:\/\/www.facebook.com\/gdigroup\" \/>\n<meta property=\"article:modified_time\" content=\"2018-01-17T16:56:16+00:00\" \/>\n<meta property=\"og:image\" content=\"https:\/\/gdi.net\/wp-content\/uploads\/2013\/05\/events_calendar_featured_images_300_200.jpg\" \/>\n\t<meta property=\"og:image:width\" content=\"301\" \/>\n\t<meta property=\"og:image:height\" content=\"200\" \/>\n\t<meta property=\"og:image:type\" content=\"image\/jpeg\" \/>\n<meta name=\"twitter:card\" content=\"summary_large_image\" \/>\n<script type=\"application\/ld+json\" class=\"yoast-schema-graph\">{\"@context\":\"https:\/\/schema.org\",\"@graph\":[{\"@type\":\"WebPage\",\"@id\":\"https:\/\/gdi.net\/sr\/events-calendar\/\",\"url\":\"https:\/\/gdi.net\/sr\/events-calendar\/\",\"name\":\"GDi - Events Calendar\",\"isPartOf\":{\"@id\":\"https:\/\/gdi.net\/sr\/#website\"},\"primaryImageOfPage\":{\"@id\":\"https:\/\/gdi.net\/sr\/events-calendar\/#primaryimage\"},\"image\":{\"@id\":\"https:\/\/gdi.net\/sr\/events-calendar\/#primaryimage\"},\"thumbnailUrl\":\"https:\/\/gdi.net\/wp-content\/uploads\/2013\/05\/events_calendar_featured_images_300_200.jpg\",\"datePublished\":\"2017-06-14T08:22:05+00:00\",\"dateModified\":\"2018-01-17T16:56:16+00:00\",\"description\":\"Take a look at events that we have organised or attended. See also future events in which the GDi team will be involved. All are welcome.\",\"breadcrumb\":{\"@id\":\"https:\/\/gdi.net\/sr\/events-calendar\/#breadcrumb\"},\"inLanguage\":\"sr-RS\",\"potentialAction\":[{\"@type\":\"ReadAction\",\"target\":[\"https:\/\/gdi.net\/sr\/events-calendar\/\"]}]},{\"@type\":\"ImageObject\",\"inLanguage\":\"sr-RS\",\"@id\":\"https:\/\/gdi.net\/sr\/events-calendar\/#primaryimage\",\"url\":\"https:\/\/gdi.net\/wp-content\/uploads\/2013\/05\/events_calendar_featured_images_300_200.jpg\",\"contentUrl\":\"https:\/\/gdi.net\/wp-content\/uploads\/2013\/05\/events_calendar_featured_images_300_200.jpg\",\"width\":301,\"height\":200},{\"@type\":\"BreadcrumbList\",\"@id\":\"https:\/\/gdi.net\/sr\/events-calendar\/#breadcrumb\",\"itemListElement\":[{\"@type\":\"ListItem\",\"position\":1,\"name\":\"Home\",\"item\":\"https:\/\/gdi.net\/sr\/\"},{\"@type\":\"ListItem\",\"position\":2,\"name\":\"Events Calendar\"}]},{\"@type\":\"WebSite\",\"@id\":\"https:\/\/gdi.net\/sr\/#website\",\"url\":\"https:\/\/gdi.net\/sr\/\",\"name\":\"GDi\",\"description\":\"GDi corporate website\",\"publisher\":{\"@id\":\"https:\/\/gdi.net\/sr\/#organization\"},\"potentialAction\":[{\"@type\":\"SearchAction\",\"target\":{\"@type\":\"EntryPoint\",\"urlTemplate\":\"https:\/\/gdi.net\/sr\/?s={search_term_string}\"},\"query-input\":{\"@type\":\"PropertyValueSpecification\",\"valueRequired\":true,\"valueName\":\"search_term_string\"}}],\"inLanguage\":\"sr-RS\"},{\"@type\":\"Organization\",\"@id\":\"https:\/\/gdi.net\/sr\/#organization\",\"name\":\"GDi\",\"url\":\"https:\/\/gdi.net\/sr\/\",\"logo\":{\"@type\":\"ImageObject\",\"inLanguage\":\"sr-RS\",\"@id\":\"https:\/\/gdi.net\/sr\/#\/schema\/logo\/image\/\",\"url\":\"https:\/\/gdi.net\/wp-content\/uploads\/2016\/04\/GDi_cyan_logo_200px.png\",\"contentUrl\":\"https:\/\/gdi.net\/wp-content\/uploads\/2016\/04\/GDi_cyan_logo_200px.png\",\"width\":200,\"height\":200,\"caption\":\"GDi\"},\"image\":{\"@id\":\"https:\/\/gdi.net\/sr\/#\/schema\/logo\/image\/\"},\"sameAs\":[\"https:\/\/www.facebook.com\/gdigroup\",\"https:\/\/www.instagram.com\/gdionegroup\/\",\"https:\/\/www.linkedin.com\/company\/gdi-group\",\"https:\/\/www.youtube.com\/channel\/UCfEnNBafyeAeqPOdfUydjBQ\"]}]}<\/script>\n<!-- \/ Yoast SEO Premium plugin. -->","yoast_head_json":{"title":"GDi - Events Calendar","description":"Take a look at events that we have organised or attended. See also future events in which the GDi team will be involved. All are welcome.","robots":{"index":"index","follow":"follow","max-snippet":"max-snippet:-1","max-image-preview":"max-image-preview:large","max-video-preview":"max-video-preview:-1"},"canonical":"https:\/\/gdi.net\/sr\/events-calendar\/","og_locale":"sr_RS","og_type":"article","og_title":"Events Calendar","og_description":"Take a look at events that we have organised or attended. See also future events in which the GDi team will be involved. All are welcome.","og_url":"https:\/\/gdi.net\/sr\/events-calendar\/","og_site_name":"GDi","article_publisher":"https:\/\/www.facebook.com\/gdigroup","article_modified_time":"2018-01-17T16:56:16+00:00","og_image":[{"width":301,"height":200,"url":"https:\/\/gdi.net\/wp-content\/uploads\/2013\/05\/events_calendar_featured_images_300_200.jpg","type":"image\/jpeg"}],"twitter_card":"summary_large_image","schema":{"@context":"https:\/\/schema.org","@graph":[{"@type":"WebPage","@id":"https:\/\/gdi.net\/sr\/events-calendar\/","url":"https:\/\/gdi.net\/sr\/events-calendar\/","name":"GDi - Events Calendar","isPartOf":{"@id":"https:\/\/gdi.net\/sr\/#website"},"primaryImageOfPage":{"@id":"https:\/\/gdi.net\/sr\/events-calendar\/#primaryimage"},"image":{"@id":"https:\/\/gdi.net\/sr\/events-calendar\/#primaryimage"},"thumbnailUrl":"https:\/\/gdi.net\/wp-content\/uploads\/2013\/05\/events_calendar_featured_images_300_200.jpg","datePublished":"2017-06-14T08:22:05+00:00","dateModified":"2018-01-17T16:56:16+00:00","description":"Take a look at events that we have organised or attended. See also future events in which the GDi team will be involved. All are welcome.","breadcrumb":{"@id":"https:\/\/gdi.net\/sr\/events-calendar\/#breadcrumb"},"inLanguage":"sr-RS","potentialAction":[{"@type":"ReadAction","target":["https:\/\/gdi.net\/sr\/events-calendar\/"]}]},{"@type":"ImageObject","inLanguage":"sr-RS","@id":"https:\/\/gdi.net\/sr\/events-calendar\/#primaryimage","url":"https:\/\/gdi.net\/wp-content\/uploads\/2013\/05\/events_calendar_featured_images_300_200.jpg","contentUrl":"https:\/\/gdi.net\/wp-content\/uploads\/2013\/05\/events_calendar_featured_images_300_200.jpg","width":301,"height":200},{"@type":"BreadcrumbList","@id":"https:\/\/gdi.net\/sr\/events-calendar\/#breadcrumb","itemListElement":[{"@type":"ListItem","position":1,"name":"Home","item":"https:\/\/gdi.net\/sr\/"},{"@type":"ListItem","position":2,"name":"Events Calendar"}]},{"@type":"WebSite","@id":"https:\/\/gdi.net\/sr\/#website","url":"https:\/\/gdi.net\/sr\/","name":"GDi","description":"GDi corporate website","publisher":{"@id":"https:\/\/gdi.net\/sr\/#organization"},"potentialAction":[{"@type":"SearchAction","target":{"@type":"EntryPoint","urlTemplate":"https:\/\/gdi.net\/sr\/?s={search_term_string}"},"query-input":{"@type":"PropertyValueSpecification","valueRequired":true,"valueName":"search_term_string"}}],"inLanguage":"sr-RS"},{"@type":"Organization","@id":"https:\/\/gdi.net\/sr\/#organization","name":"GDi","url":"https:\/\/gdi.net\/sr\/","logo":{"@type":"ImageObject","inLanguage":"sr-RS","@id":"https:\/\/gdi.net\/sr\/#\/schema\/logo\/image\/","url":"https:\/\/gdi.net\/wp-content\/uploads\/2016\/04\/GDi_cyan_logo_200px.png","contentUrl":"https:\/\/gdi.net\/wp-content\/uploads\/2016\/04\/GDi_cyan_logo_200px.png","width":200,"height":200,"caption":"GDi"},"image":{"@id":"https:\/\/gdi.net\/sr\/#\/schema\/logo\/image\/"},"sameAs":["https:\/\/www.facebook.com\/gdigroup","https:\/\/www.instagram.com\/gdionegroup\/","https:\/\/www.linkedin.com\/company\/gdi-group","https:\/\/www.youtube.com\/channel\/UCfEnNBafyeAeqPOdfUydjBQ"]}]}},"_links":{"self":[{"href":"https:\/\/gdi.net\/sr\/wp-json\/wp\/v2\/pages\/25315","targetHints":{"allow":["GET"]}}],"collection":[{"href":"https:\/\/gdi.net\/sr\/wp-json\/wp\/v2\/pages"}],"about":[{"href":"https:\/\/gdi.net\/sr\/wp-json\/wp\/v2\/types\/page"}],"author":[{"embeddable":true,"href":"https:\/\/gdi.net\/sr\/wp-json\/wp\/v2\/users\/35"}],"replies":[{"embeddable":true,"href":"https:\/\/gdi.net\/sr\/wp-json\/wp\/v2\/comments?post=25315"}],"version-history":[{"count":0,"href":"https:\/\/gdi.net\/sr\/wp-json\/wp\/v2\/pages\/25315\/revisions"}],"wp:featuredmedia":[{"embeddable":true,"href":"https:\/\/gdi.net\/sr\/wp-json\/wp\/v2\/media\/25316"}],"wp:attachment":[{"href":"https:\/\/gdi.net\/sr\/wp-json\/wp\/v2\/media?parent=25315"}],"curies":[{"name":"wp","href":"https:\/\/api.w.org\/{rel}","templated":true}]}}