{"id":30606,"date":"2017-09-07T11:25:48","date_gmt":"2017-09-07T09:25:48","guid":{"rendered":"https:\/\/gdi.net\/?page_id=30606\/"},"modified":"2023-03-08T16:08:17","modified_gmt":"2023-03-08T15:08:17","slug":"training-terms-conditions","status":"publish","type":"page","link":"https:\/\/gdi.net\/sl\/training\/training-for-esri\/training-terms-conditions\/","title":{"rendered":"Training Terms and Conditions"},"content":{"rendered":"<p><div class=\"fusion-fullwidth fullwidth-box fusion-builder-row-1 nonhundred-percent-fullwidth non-hundred-percent-height-scrolling fusion-no-small-visibility\" style=\"--awb-border-radius-top-left:0px;--awb-border-radius-top-right:0px;--awb-border-radius-bottom-right:0px;--awb-border-radius-bottom-left:0px;--awb-margin-top:20px;--awb-margin-bottom:0px;--awb-flex-wrap:wrap;\" ><div class=\"fusion-builder-row fusion-row\"><div class=\"fusion-layout-column fusion_builder_column fusion-builder-column-0 fusion_builder_column_1_1 1_1 fusion-one-full fusion-column-first fusion-column-last\" style=\"--awb-bg-color:rgba(255,255,255,0.57);--awb-bg-color-hover:rgba(255,255,255,0.57);--awb-bg-size:cover;--awb-margin-bottom:0px;\"><div class=\"fusion-column-wrapper fusion-flex-column-wrapper-legacy\"><div class=\"fusion-text fusion-text-1\"><style type=\"text\/css\">\r\n\t\t\t\t\r\n\t\t\t\t\t\t.breadcrumb-container {\r\n\t\t\t\t\t\t  font-size: 16px  !important;\r\n\t\t\t\t\t\t}\r\n\t\t\t\t\r\n\t\t\t\t\t\t.breadcrumb-container li a{\r\n\t\t\t\t\t\t  color: #747474  !important;\r\n\t\t\t\t\t\t  font-size: 16px  !important;\r\n\t\t\t\t\t\t  line-height: 16px  !important;\r\n\t\t\t\t\t\t}\r\n\t\t\t\t\t\t\r\n\t\t\t\t\t\t.breadcrumb-container li .separator {\r\n\t\t\t\t\t\t  color: #747474  !important;\r\n\t\t\t\t\t\t  font-size: 16px  !important;\r\n\t\t\t\t\t\t}\t\t\t\t\t\t\r\n\t\t\t\t\t\t\r\n\t\t\t\t\t\t\r\n\t\t\t\t\r\n\t\t\t\t\r\n\t\t\t\t\t\t\t\r\n\t\t\t\t\t\t\t\r\n.breadcrumb-container.theme1 li {\r\n\tmargin: 0;\r\n\tpadding: 0;\r\n}\t\t\t\t\t\t\t\r\n\t\t\t\t\t\t\t\r\n.breadcrumb-container.theme1 a {\r\n\tbackground: #ffffff;\r\n\tdisplay: inline-block;\r\n\tmargin: 0 5px;\r\n\tpadding: 5px 10px;\r\n\ttext-decoration: none;\r\n}\r\n\r\n<\/style>\r\n\t\t\t\t<div class=\"breadcrumb-container theme1\" itemprop=\"breadcrumb\" itemscope itemtype=\"http:\/\/schema.org\/BreadcrumbList\"><ul itemtype=\"http:\/\/schema.org\/BreadcrumbList\" itemscope=\"\"><\/ul><\/div>\n<\/div><div class=\"fusion-clearfix\"><\/div><\/div><\/div><\/div><\/div><div class=\"fusion-fullwidth fullwidth-box fusion-builder-row-2 nonhundred-percent-fullwidth non-hundred-percent-height-scrolling\" style=\"--awb-border-radius-top-left:0px;--awb-border-radius-top-right:0px;--awb-border-radius-bottom-right:0px;--awb-border-radius-bottom-left:0px;--awb-margin-top:0px;--awb-margin-bottom:0px;--awb-flex-wrap:wrap;\" ><div class=\"fusion-builder-row fusion-row\"><div class=\"fusion-layout-column fusion_builder_column fusion-builder-column-1 fusion_builder_column_1_1 1_1 fusion-one-full fusion-column-first fusion-column-last\" style=\"--awb-bg-size:cover;--awb-margin-bottom:0px;\"><div class=\"fusion-column-wrapper fusion-flex-column-wrapper-legacy\"><div class=\"fusion-text fusion-text-2\"><h5><strong>Prosimo, preberite si pogoje poslovanja za izobra\u017eevanje, ki so navedeni v nadaljevanju.<\/strong><\/h5>\n<\/div><div class=\"fusion-clearfix\"><\/div><\/div><\/div><\/div><\/div><div class=\"fusion-fullwidth fullwidth-box fusion-builder-row-3 nonhundred-percent-fullwidth non-hundred-percent-height-scrolling\" style=\"--awb-background-position:left top;--awb-border-sizes-top:0px;--awb-border-sizes-bottom:0px;--awb-border-sizes-left:0px;--awb-border-sizes-right:0px;--awb-border-color:#f5f5f5;--awb-border-radius-top-left:0px;--awb-border-radius-top-right:0px;--awb-border-radius-bottom-right:0px;--awb-border-radius-bottom-left:0px;--awb-margin-top:0px;--awb-margin-bottom:0px;--awb-background-color:#ffffff;--awb-flex-wrap:wrap;\" ><div class=\"fusion-builder-row fusion-row\"><div class=\"fusion-layout-column fusion_builder_column fusion-builder-column-2 fusion_builder_column_1_1 1_1 fusion-one-full fusion-column-first fusion-column-last\" style=\"--awb-bg-size:cover;\"><div class=\"fusion-column-wrapper fusion-flex-column-wrapper-legacy\"><div class=\"fusion-text fusion-text-3\"><ul>\n<li>\n<h6>Splo\u0161ni pogoji udele\u017ebe na izobra\u017eevanju v \u0161olskem centru GDi d.o.o, Ljubljana<\/h6>\n<\/li>\n<li>\n<h6>Na te\u010daje razpisane v terminu te\u010dajev se prijavite s prijavnico, ki velja kot naro\u010dilnica. Izpolnjeno in \u017eigosano prijavnico po\u0161ljite po e-po\u0161ti na tecaji.ljubljana@gdi.net oz. se prijavite preko spletnega obrazca. Na prijavnico obvezno navedite \u0161tevilko na\u0161e ponudbe, za katero se obrnite na <a href=\"mailto:tecaji.ljubljana@gdi.net\" target=\"_blank\" rel=\"noopener noreferrer\"><strong>tecaji.ljubljana@gdi.net<\/strong><\/a>.<\/h6>\n<\/li>\n<li>\n<h6>Prijave sprejemamo do 7 delovnih dni pred za\u010detkom te\u010daja oz. do zapolnitve prostih mest.<\/h6>\n<\/li>\n<li>\n<h6>Te\u010daj potrdimo najmanj 3 delovne dni pred pri\u010detkom te\u010daja s poslanim vabilom.<\/h6>\n<\/li>\n<li>\n<h6>Te\u010daji se izvajajo pod pogoji iz tega cenika, samo, \u010de se posameznega te\u010daja udele\u017eijo najmanj 4 udele\u017eenci. V kolikor posameznega te\u010daja ne bo mo\u017eno izpeljati, bomo te\u010daj odpovedali, najkasneje 3 delovne dni pred pri\u010detkom te\u010daja. Te\u010daj se po dogovoru lahko izvede tudi za manj udele\u017eencev, a se v tem primeru spremeni cena.<\/h6>\n<\/li>\n<li>\n<h6>Odjavite se lahko samo preko e-po\u0161te <a href=\"mailto:tecaji.ljubljana@gdi.net\" target=\"_blank\" rel=\"noopener noreferrer\"><strong>tecaji.ljubljana@gdi.net<\/strong><\/a>, najkasneje 7 delovnih dni pred pri\u010detkom te\u010daja. V primeru nepravo\u010dasne odjave, t.j. od 6 do 4 delovne dni pred za\u010detkom te\u010daja, vam bomo zara\u010dunali 50 % cene te\u010daja. V primeru odjave manj kot 3 delovne dni do za\u010detka te\u010daja pa 100 % cene te\u010daja.<\/h6>\n<\/li>\n<li>\n<h6>Za izobra\u017eevanja, za katera termini niso razpisani, si lahko zagotovite prosto mesto z eviden\u010dno prijavo, na osnovi katere vas bomo obvestili o to\u010dnem terminu, takoj ko bo dolo\u010den. Zaradi aktivnega na\u010dina dela je \u0161tevilo udele\u017eencev omejeno.<\/h6>\n<\/li>\n<li>\n<h6>V ceno te\u010daja je vklju\u010deno gradivo, kosilo in osve\u017eitev med odmori. Vsak udele\u017eenec prejme certifikat o uspe\u0161no zaklju\u010denem te\u010daju.<\/h6>\n<\/li>\n<\/ul>\n<\/div><div class=\"fusion-clearfix\"><\/div><\/div><\/div><\/div><\/div><\/p>\n","protected":false},"excerpt":{"rendered":"","protected":false},"author":35,"featured_media":0,"parent":30560,"menu_order":0,"comment_status":"closed","ping_status":"closed","template":"100-width.php","meta":{"_acf_changed":false,"footnotes":""},"class_list":["post-30606","page","type-page","status-publish","hentry"],"acf":[],"yoast_head":"<!-- This site is optimized with the Yoast SEO Premium plugin v27.0 (Yoast SEO v27.0) - https:\/\/yoast.com\/product\/yoast-seo-premium-wordpress\/ -->\n<title>GDi - Training Terms and Conditions<\/title>\n<meta name=\"robots\" content=\"index, follow, max-snippet:-1, max-image-preview:large, max-video-preview:-1\" \/>\n<link rel=\"canonical\" href=\"https:\/\/gdi.net\/sl\/training\/training-for-esri\/training-terms-conditions\/\" \/>\n<meta property=\"og:locale\" content=\"sl_SI\" \/>\n<meta property=\"og:type\" content=\"article\" \/>\n<meta property=\"og:title\" content=\"Training Terms and Conditions\" \/>\n<meta property=\"og:url\" content=\"https:\/\/gdi.net\/sl\/training\/training-for-esri\/training-terms-conditions\/\" \/>\n<meta property=\"og:site_name\" content=\"GDi\" \/>\n<meta property=\"article:publisher\" content=\"https:\/\/www.facebook.com\/gdigroup\" \/>\n<meta property=\"article:modified_time\" content=\"2023-03-08T15:08:17+00:00\" \/>\n<meta property=\"og:image\" content=\"https:\/\/gdi.net\/wp-content\/uploads\/2016\/04\/GDi_cyan_logo_200px.png\" \/>\n\t<meta property=\"og:image:width\" content=\"200\" \/>\n\t<meta property=\"og:image:height\" content=\"200\" \/>\n\t<meta property=\"og:image:type\" content=\"image\/png\" \/>\n<meta name=\"twitter:card\" content=\"summary_large_image\" \/>\n<script type=\"application\/ld+json\" class=\"yoast-schema-graph\">{\"@context\":\"https:\/\/schema.org\",\"@graph\":[{\"@type\":\"WebPage\",\"@id\":\"https:\/\/gdi.net\/sl\/training\/training-for-esri\/training-terms-conditions\/\",\"url\":\"https:\/\/gdi.net\/sl\/training\/training-for-esri\/training-terms-conditions\/\",\"name\":\"GDi - Training Terms and Conditions\",\"isPartOf\":{\"@id\":\"https:\/\/gdi.net\/sl\/#website\"},\"datePublished\":\"2017-09-07T09:25:48+00:00\",\"dateModified\":\"2023-03-08T15:08:17+00:00\",\"breadcrumb\":{\"@id\":\"https:\/\/gdi.net\/sl\/training\/training-for-esri\/training-terms-conditions\/#breadcrumb\"},\"inLanguage\":\"sl-SI\",\"potentialAction\":[{\"@type\":\"ReadAction\",\"target\":[\"https:\/\/gdi.net\/sl\/training\/training-for-esri\/training-terms-conditions\/\"]}]},{\"@type\":\"BreadcrumbList\",\"@id\":\"https:\/\/gdi.net\/sl\/training\/training-for-esri\/training-terms-conditions\/#breadcrumb\",\"itemListElement\":[{\"@type\":\"ListItem\",\"position\":1,\"name\":\"Home\",\"item\":\"https:\/\/gdi.net\/sl\/\"},{\"@type\":\"ListItem\",\"position\":2,\"name\":\"Training\",\"item\":\"https:\/\/gdi.net\/sl\/training\/\"},{\"@type\":\"ListItem\",\"position\":3,\"name\":\"Aktualni termini ESRI te\u010dajev\",\"item\":\"https:\/\/gdi.net\/sl\/training\/training-for-esri\/\"},{\"@type\":\"ListItem\",\"position\":4,\"name\":\"Training Terms and Conditions\"}]},{\"@type\":\"WebSite\",\"@id\":\"https:\/\/gdi.net\/sl\/#website\",\"url\":\"https:\/\/gdi.net\/sl\/\",\"name\":\"GDi\",\"description\":\"GDi corporate website\",\"publisher\":{\"@id\":\"https:\/\/gdi.net\/sl\/#organization\"},\"potentialAction\":[{\"@type\":\"SearchAction\",\"target\":{\"@type\":\"EntryPoint\",\"urlTemplate\":\"https:\/\/gdi.net\/sl\/?s={search_term_string}\"},\"query-input\":{\"@type\":\"PropertyValueSpecification\",\"valueRequired\":true,\"valueName\":\"search_term_string\"}}],\"inLanguage\":\"sl-SI\"},{\"@type\":\"Organization\",\"@id\":\"https:\/\/gdi.net\/sl\/#organization\",\"name\":\"GDi\",\"url\":\"https:\/\/gdi.net\/sl\/\",\"logo\":{\"@type\":\"ImageObject\",\"inLanguage\":\"sl-SI\",\"@id\":\"https:\/\/gdi.net\/sl\/#\/schema\/logo\/image\/\",\"url\":\"https:\/\/gdi.net\/wp-content\/uploads\/2016\/04\/GDi_cyan_logo_200px.png\",\"contentUrl\":\"https:\/\/gdi.net\/wp-content\/uploads\/2016\/04\/GDi_cyan_logo_200px.png\",\"width\":200,\"height\":200,\"caption\":\"GDi\"},\"image\":{\"@id\":\"https:\/\/gdi.net\/sl\/#\/schema\/logo\/image\/\"},\"sameAs\":[\"https:\/\/www.facebook.com\/gdigroup\",\"https:\/\/www.instagram.com\/gdionegroup\/\",\"https:\/\/www.linkedin.com\/company\/gdi-group\",\"https:\/\/www.youtube.com\/channel\/UCfEnNBafyeAeqPOdfUydjBQ\"]}]}<\/script>\n<!-- \/ Yoast SEO Premium plugin. -->","yoast_head_json":{"title":"GDi - Training Terms and Conditions","robots":{"index":"index","follow":"follow","max-snippet":"max-snippet:-1","max-image-preview":"max-image-preview:large","max-video-preview":"max-video-preview:-1"},"canonical":"https:\/\/gdi.net\/sl\/training\/training-for-esri\/training-terms-conditions\/","og_locale":"sl_SI","og_type":"article","og_title":"Training Terms and Conditions","og_url":"https:\/\/gdi.net\/sl\/training\/training-for-esri\/training-terms-conditions\/","og_site_name":"GDi","article_publisher":"https:\/\/www.facebook.com\/gdigroup","article_modified_time":"2023-03-08T15:08:17+00:00","og_image":[{"width":200,"height":200,"url":"https:\/\/gdi.net\/wp-content\/uploads\/2016\/04\/GDi_cyan_logo_200px.png","type":"image\/png"}],"twitter_card":"summary_large_image","schema":{"@context":"https:\/\/schema.org","@graph":[{"@type":"WebPage","@id":"https:\/\/gdi.net\/sl\/training\/training-for-esri\/training-terms-conditions\/","url":"https:\/\/gdi.net\/sl\/training\/training-for-esri\/training-terms-conditions\/","name":"GDi - Training Terms and Conditions","isPartOf":{"@id":"https:\/\/gdi.net\/sl\/#website"},"datePublished":"2017-09-07T09:25:48+00:00","dateModified":"2023-03-08T15:08:17+00:00","breadcrumb":{"@id":"https:\/\/gdi.net\/sl\/training\/training-for-esri\/training-terms-conditions\/#breadcrumb"},"inLanguage":"sl-SI","potentialAction":[{"@type":"ReadAction","target":["https:\/\/gdi.net\/sl\/training\/training-for-esri\/training-terms-conditions\/"]}]},{"@type":"BreadcrumbList","@id":"https:\/\/gdi.net\/sl\/training\/training-for-esri\/training-terms-conditions\/#breadcrumb","itemListElement":[{"@type":"ListItem","position":1,"name":"Home","item":"https:\/\/gdi.net\/sl\/"},{"@type":"ListItem","position":2,"name":"Training","item":"https:\/\/gdi.net\/sl\/training\/"},{"@type":"ListItem","position":3,"name":"Aktualni termini ESRI te\u010dajev","item":"https:\/\/gdi.net\/sl\/training\/training-for-esri\/"},{"@type":"ListItem","position":4,"name":"Training Terms and Conditions"}]},{"@type":"WebSite","@id":"https:\/\/gdi.net\/sl\/#website","url":"https:\/\/gdi.net\/sl\/","name":"GDi","description":"GDi corporate website","publisher":{"@id":"https:\/\/gdi.net\/sl\/#organization"},"potentialAction":[{"@type":"SearchAction","target":{"@type":"EntryPoint","urlTemplate":"https:\/\/gdi.net\/sl\/?s={search_term_string}"},"query-input":{"@type":"PropertyValueSpecification","valueRequired":true,"valueName":"search_term_string"}}],"inLanguage":"sl-SI"},{"@type":"Organization","@id":"https:\/\/gdi.net\/sl\/#organization","name":"GDi","url":"https:\/\/gdi.net\/sl\/","logo":{"@type":"ImageObject","inLanguage":"sl-SI","@id":"https:\/\/gdi.net\/sl\/#\/schema\/logo\/image\/","url":"https:\/\/gdi.net\/wp-content\/uploads\/2016\/04\/GDi_cyan_logo_200px.png","contentUrl":"https:\/\/gdi.net\/wp-content\/uploads\/2016\/04\/GDi_cyan_logo_200px.png","width":200,"height":200,"caption":"GDi"},"image":{"@id":"https:\/\/gdi.net\/sl\/#\/schema\/logo\/image\/"},"sameAs":["https:\/\/www.facebook.com\/gdigroup","https:\/\/www.instagram.com\/gdionegroup\/","https:\/\/www.linkedin.com\/company\/gdi-group","https:\/\/www.youtube.com\/channel\/UCfEnNBafyeAeqPOdfUydjBQ"]}]}},"_links":{"self":[{"href":"https:\/\/gdi.net\/sl\/wp-json\/wp\/v2\/pages\/30606","targetHints":{"allow":["GET"]}}],"collection":[{"href":"https:\/\/gdi.net\/sl\/wp-json\/wp\/v2\/pages"}],"about":[{"href":"https:\/\/gdi.net\/sl\/wp-json\/wp\/v2\/types\/page"}],"author":[{"embeddable":true,"href":"https:\/\/gdi.net\/sl\/wp-json\/wp\/v2\/users\/35"}],"replies":[{"embeddable":true,"href":"https:\/\/gdi.net\/sl\/wp-json\/wp\/v2\/comments?post=30606"}],"version-history":[{"count":3,"href":"https:\/\/gdi.net\/sl\/wp-json\/wp\/v2\/pages\/30606\/revisions"}],"predecessor-version":[{"id":118995,"href":"https:\/\/gdi.net\/sl\/wp-json\/wp\/v2\/pages\/30606\/revisions\/118995"}],"up":[{"embeddable":true,"href":"https:\/\/gdi.net\/sl\/wp-json\/wp\/v2\/pages\/30560"}],"wp:attachment":[{"href":"https:\/\/gdi.net\/sl\/wp-json\/wp\/v2\/media?parent=30606"}],"curies":[{"name":"wp","href":"https:\/\/api.w.org\/{rel}","templated":true}]}}