{"id":29105,"date":"2016-08-01T14:39:37","date_gmt":"2016-08-01T12:39:37","guid":{"rendered":"https:\/\/gdi.net\/cookies-policy\/"},"modified":"2022-03-01T11:19:41","modified_gmt":"2022-03-01T10:19:41","slug":"cookies-policy","status":"publish","type":"page","link":"https:\/\/gdi.net\/sl\/cookies-policy\/","title":{"rendered":"Cookies Policy"},"content":{"rendered":"<div class=\"fusion-fullwidth fullwidth-box fusion-builder-row-1 nonhundred-percent-fullwidth non-hundred-percent-height-scrolling\" style=\"--awb-background-position:left top;--awb-border-sizes-top:0px;--awb-border-sizes-bottom:0px;--awb-border-sizes-left:0px;--awb-border-sizes-right:0px;--awb-border-color:#f5f5f5;--awb-border-radius-top-left:0px;--awb-border-radius-top-right:0px;--awb-border-radius-bottom-right:0px;--awb-border-radius-bottom-left:0px;--awb-padding-top:30px;--awb-padding-bottom:10px;--awb-background-color:#ffffff;--awb-flex-wrap:wrap;\" ><div class=\"fusion-builder-row fusion-row\"><div class=\"fusion-layout-column fusion_builder_column fusion-builder-column-0 fusion_builder_column_1_1 1_1 fusion-one-full fusion-column-first fusion-column-last\" style=\"--awb-bg-size:cover;\"><div class=\"fusion-column-wrapper fusion-flex-column-wrapper-legacy\"><div class=\"fusion-text fusion-text-1\" style=\"--awb-text-transform:none;\"><div class=\"cli_pg_page_contaner\">\n<h3>O politiki pi\u0161kotkov<\/h3>\n<div>\n<p>Ta pravilnik o pi\u0161kotkih pojasnjuje, kaj so pi\u0161kotki in kako jih uporabljamo, vrste pi\u0161kotkov, ki jih uporabljamo, tj. podatke, ki jih zberemo s pi\u0161kotki in kako se te informacije uporabljajo, ter kako se nadzira nastavitve pi\u0161kotkov. Za dodatne informacije o tem, kako uporabljamo, shranjujemo in varujemo va\u0161e osebne podatke, glejte na\u0161 pravilnik o zasebnosti.<\/p>\n<p>Svoje soglasje iz izjave o pi\u0161kotkih na na\u0161em spletnem mestu lahko kadar koli spremenite ali prekli\u010dete.<br \/>\nVe\u010d o tem, kdo smo, kako lahko stopite v stik z nami in kako obdelujemo osebne podatke, preberite v na\u0161i Politiki zasebnosti.<br \/>\nVa\u0161e soglasje velja za naslednje domene: gdi.net[user_consent_state]\n<\/div>\n<h3>Kaj so pi\u0161kotki?<\/h3>\n<div>Pi\u0161kotki so majhne tekstovne datoteke, ki se uporabljajo za shranjevanje majhne koli\u010dine informacij. Shranjeni so lokalno, v va\u0161i napravi, ko se spletno mesto nalo\u017ei v va\u0161em brskalniku. Ti pi\u0161kotki nam pomagajo, da spletno mesto deluje pravilno, da je bolj varno ter zagotavlja bolj\u0161o uporabni\u0161ko izku\u0161njo. Pi\u0161kotki nam prav tako pomagajo razumevati, kako spletno mesto deluje, ter pomagajo pri analizi, kaj deluje in kje je treba kaj izbolj\u0161ati.<\/div>\n<h3>Kako uporabljamo pi\u0161kotke?<\/h3>\n<div>\n<p>Kot ve\u010dina spletnih storitev tudi na\u0161a spletna stran uporablja lastne pi\u0161kotke in pi\u0161kotke tretjih oseb za ve\u010d namenov. Lastni pi\u0161kotki so ve\u010dinoma potrebni za pravilno delovanje spletne strani in ne zbirajo nobenih va\u0161ih osebnih podatkov.<\/p>\n<p>Pi\u0161kotki tretjih oseb, ki se uporabljajo na na\u0161em spletnem mestu, so v glavnem namenjeni razumevanju delovanja spletnega mesta, interakciji z na\u0161im spletnim mestom, varovanju na\u0161ih storitev in zagotavljanju oglasov, ki so pomembni za vas. Na splo\u0161no vam pi\u0161kotki zagotavljajo bolj\u0161o uporabni\u0161ko izku\u0161njo in pomagajo pospe\u0161iti va\u0161e prihodnje interakcije z na\u0161im spletnim mestom.<\/p>\n<\/div>\n<h3>Katere vrste pi\u0161kotkov uporabljamo?<\/h3>\n<div>\n<p>nujni: Nekateri pi\u0161kotki so nujni, da lahko izkusite celotno funkcionalnost na\u0161ega spletnega mesta. Omogo\u010dajo nam vzdr\u017eevanje uporabni\u0161kih sej in prepre\u010devanje morebitnih varnostnih gro\u017eenj. Ne zbiramo in ne shranjujemo nobenih osebnih podatkov. Ti pi\u0161kotki vam na primer omogo\u010dajo, da se prijavite v svoj ra\u010dun in dodate izdelke v svojo ko\u0161arico ter varno opravite nakup.<\/p>\n<p>Statistika: Ti pi\u0161kotki shranjujejo informacije, kot so \u0161tevilo obiskovalcev spletnega mesta, \u0161tevilo unikatnih obiskovalcev, katere strani spletnega mesta so bile obiskane, vir obiska itd. Ti podatki nam pomagajo razumeti in analizirati, kako dobro deluje spletno mesto in kje ga je treba izbolj\u0161ati.<\/p>\n<p>Marketing: Na\u0161a spletna stran prikazuje oglase. Ti pi\u0161kotki se uporabljajo za prilagajanje oglasov, ki vam jih prikazujemo, tako da so za vas pomembni. Ti pi\u0161kotki nam pomagajo tudi pri spremljanju u\u010dinkovitosti teh ogla\u0161evalskih akcij.<br \/>\nPodatke, shranjene v teh pi\u0161kotkih, lahko uporabljajo tudi tretji ponudniki oglasov za prikazovanje oglasov tudi na drugih spletnih mestih v brskalniku.<\/p>\n<p>Funkcionalni: To so pi\u0161kotki, ki pomagajo nekaterim nebistvenim funkcijam na na\u0161em spletnem mestu. Te funkcije vklju\u010dujejo vdelavo vsebine, kot so videoposnetki, ali deljenje vsebine spletnega mesta na platformah dru\u017ebenih medijev.<\/p>\n<p>Nastavitve: Ti pi\u0161kotki nam pomagajo shraniti va\u0161e nastavitve in nastavitve brskanja, kot so jezikovne nastavitve, da boste imeli bolj\u0161o in u\u010dinkovitej\u0161o izku\u0161njo ob prihodnjih obiskih spletnega mesta.[cookie_audit columns=&#8221;cookie,description&#8221; heading=&#8221;Spodnji seznam opisuje pi\u0161kotke, ki se uporabljajo na na\u0161em spletnem mestu.&#8221;]\n<\/p><\/div>\n<h3>Kako lahko nadziram nastavitve pi\u0161kotkov?<\/h3>\n<div>\n<p>\u010ce se odlo\u010dite, da boste pozneje med sejo brskanja spremenili svoje nastavitve, lahko v nogi kliknete povezavo \u00bbPolitika pi\u0161kotkov\u00ab. Ta stran se bo prikazala in svoje nastavitve pi\u0161kotkov lahko upravljate s klikom na spodnji gumb.<\/p>\n<p>[cookie_settings margin=&#8221;10px 5px 10px 0px&#8221;]<\/p>\n<p>Poleg tega razli\u010dni brskalniki ponujajo razli\u010dne metode za blokiranje in brisanje pi\u0161kotkov, ki jih uporabljajo spletna mesta. Nastavitve brskalnika lahko spremenite tako, da blokirate\/izbri\u0161ete pi\u0161kotke. \u010ce \u017eelite izvedeti ve\u010d o upravljanju in brisanju pi\u0161kotkov, obi\u0161\u010dite wikipedia.org, www.allaboutcookies.org.<\/p>\n<\/div>\n<\/div>\n<\/div><div class=\"fusion-clearfix\"><\/div><\/div><\/div><\/div><\/div>\n","protected":false},"excerpt":{"rendered":"","protected":false},"author":35,"featured_media":0,"parent":0,"menu_order":0,"comment_status":"closed","ping_status":"closed","template":"100-width.php","meta":{"_acf_changed":false,"footnotes":""},"class_list":["post-29105","page","type-page","status-publish","hentry"],"acf":[],"yoast_head":"<!-- This site is optimized with the Yoast SEO Premium plugin v27.0 (Yoast SEO v27.0) - https:\/\/yoast.com\/product\/yoast-seo-premium-wordpress\/ -->\n<title>GDi - Cookies Policy<\/title>\n<meta name=\"robots\" content=\"index, follow, max-snippet:-1, max-image-preview:large, max-video-preview:-1\" \/>\n<link rel=\"canonical\" href=\"https:\/\/gdi.net\/sl\/cookies-policy\/\" \/>\n<meta property=\"og:locale\" content=\"sl_SI\" \/>\n<meta property=\"og:type\" content=\"article\" \/>\n<meta property=\"og:title\" content=\"Cookies Policy\" \/>\n<meta property=\"og:url\" content=\"https:\/\/gdi.net\/sl\/cookies-policy\/\" \/>\n<meta property=\"og:site_name\" content=\"GDi\" \/>\n<meta property=\"article:publisher\" content=\"https:\/\/www.facebook.com\/gdigroup\" \/>\n<meta property=\"article:modified_time\" content=\"2022-03-01T10:19:41+00:00\" \/>\n<meta property=\"og:image\" content=\"https:\/\/gdi.net\/wp-content\/uploads\/2016\/04\/GDi_cyan_logo_200px.png\" \/>\n\t<meta property=\"og:image:width\" content=\"200\" \/>\n\t<meta property=\"og:image:height\" content=\"200\" \/>\n\t<meta property=\"og:image:type\" content=\"image\/png\" \/>\n<meta name=\"twitter:card\" content=\"summary_large_image\" \/>\n<script type=\"application\/ld+json\" class=\"yoast-schema-graph\">{\"@context\":\"https:\/\/schema.org\",\"@graph\":[{\"@type\":\"WebPage\",\"@id\":\"https:\/\/gdi.net\/sl\/cookies-policy\/\",\"url\":\"https:\/\/gdi.net\/sl\/cookies-policy\/\",\"name\":\"GDi - Cookies Policy\",\"isPartOf\":{\"@id\":\"https:\/\/gdi.net\/sl\/#website\"},\"datePublished\":\"2016-08-01T12:39:37+00:00\",\"dateModified\":\"2022-03-01T10:19:41+00:00\",\"breadcrumb\":{\"@id\":\"https:\/\/gdi.net\/sl\/cookies-policy\/#breadcrumb\"},\"inLanguage\":\"sl-SI\",\"potentialAction\":[{\"@type\":\"ReadAction\",\"target\":[\"https:\/\/gdi.net\/sl\/cookies-policy\/\"]}]},{\"@type\":\"BreadcrumbList\",\"@id\":\"https:\/\/gdi.net\/sl\/cookies-policy\/#breadcrumb\",\"itemListElement\":[{\"@type\":\"ListItem\",\"position\":1,\"name\":\"Home\",\"item\":\"https:\/\/gdi.net\/sl\/\"},{\"@type\":\"ListItem\",\"position\":2,\"name\":\"Cookies Policy\"}]},{\"@type\":\"WebSite\",\"@id\":\"https:\/\/gdi.net\/sl\/#website\",\"url\":\"https:\/\/gdi.net\/sl\/\",\"name\":\"GDi\",\"description\":\"GDi corporate website\",\"publisher\":{\"@id\":\"https:\/\/gdi.net\/sl\/#organization\"},\"potentialAction\":[{\"@type\":\"SearchAction\",\"target\":{\"@type\":\"EntryPoint\",\"urlTemplate\":\"https:\/\/gdi.net\/sl\/?s={search_term_string}\"},\"query-input\":{\"@type\":\"PropertyValueSpecification\",\"valueRequired\":true,\"valueName\":\"search_term_string\"}}],\"inLanguage\":\"sl-SI\"},{\"@type\":\"Organization\",\"@id\":\"https:\/\/gdi.net\/sl\/#organization\",\"name\":\"GDi\",\"url\":\"https:\/\/gdi.net\/sl\/\",\"logo\":{\"@type\":\"ImageObject\",\"inLanguage\":\"sl-SI\",\"@id\":\"https:\/\/gdi.net\/sl\/#\/schema\/logo\/image\/\",\"url\":\"https:\/\/gdi.net\/wp-content\/uploads\/2016\/04\/GDi_cyan_logo_200px.png\",\"contentUrl\":\"https:\/\/gdi.net\/wp-content\/uploads\/2016\/04\/GDi_cyan_logo_200px.png\",\"width\":200,\"height\":200,\"caption\":\"GDi\"},\"image\":{\"@id\":\"https:\/\/gdi.net\/sl\/#\/schema\/logo\/image\/\"},\"sameAs\":[\"https:\/\/www.facebook.com\/gdigroup\",\"https:\/\/www.instagram.com\/gdionegroup\/\",\"https:\/\/www.linkedin.com\/company\/gdi-group\",\"https:\/\/www.youtube.com\/channel\/UCfEnNBafyeAeqPOdfUydjBQ\"]}]}<\/script>\n<!-- \/ Yoast SEO Premium plugin. -->","yoast_head_json":{"title":"GDi - Cookies Policy","robots":{"index":"index","follow":"follow","max-snippet":"max-snippet:-1","max-image-preview":"max-image-preview:large","max-video-preview":"max-video-preview:-1"},"canonical":"https:\/\/gdi.net\/sl\/cookies-policy\/","og_locale":"sl_SI","og_type":"article","og_title":"Cookies Policy","og_url":"https:\/\/gdi.net\/sl\/cookies-policy\/","og_site_name":"GDi","article_publisher":"https:\/\/www.facebook.com\/gdigroup","article_modified_time":"2022-03-01T10:19:41+00:00","og_image":[{"width":200,"height":200,"url":"https:\/\/gdi.net\/wp-content\/uploads\/2016\/04\/GDi_cyan_logo_200px.png","type":"image\/png"}],"twitter_card":"summary_large_image","schema":{"@context":"https:\/\/schema.org","@graph":[{"@type":"WebPage","@id":"https:\/\/gdi.net\/sl\/cookies-policy\/","url":"https:\/\/gdi.net\/sl\/cookies-policy\/","name":"GDi - Cookies Policy","isPartOf":{"@id":"https:\/\/gdi.net\/sl\/#website"},"datePublished":"2016-08-01T12:39:37+00:00","dateModified":"2022-03-01T10:19:41+00:00","breadcrumb":{"@id":"https:\/\/gdi.net\/sl\/cookies-policy\/#breadcrumb"},"inLanguage":"sl-SI","potentialAction":[{"@type":"ReadAction","target":["https:\/\/gdi.net\/sl\/cookies-policy\/"]}]},{"@type":"BreadcrumbList","@id":"https:\/\/gdi.net\/sl\/cookies-policy\/#breadcrumb","itemListElement":[{"@type":"ListItem","position":1,"name":"Home","item":"https:\/\/gdi.net\/sl\/"},{"@type":"ListItem","position":2,"name":"Cookies Policy"}]},{"@type":"WebSite","@id":"https:\/\/gdi.net\/sl\/#website","url":"https:\/\/gdi.net\/sl\/","name":"GDi","description":"GDi corporate website","publisher":{"@id":"https:\/\/gdi.net\/sl\/#organization"},"potentialAction":[{"@type":"SearchAction","target":{"@type":"EntryPoint","urlTemplate":"https:\/\/gdi.net\/sl\/?s={search_term_string}"},"query-input":{"@type":"PropertyValueSpecification","valueRequired":true,"valueName":"search_term_string"}}],"inLanguage":"sl-SI"},{"@type":"Organization","@id":"https:\/\/gdi.net\/sl\/#organization","name":"GDi","url":"https:\/\/gdi.net\/sl\/","logo":{"@type":"ImageObject","inLanguage":"sl-SI","@id":"https:\/\/gdi.net\/sl\/#\/schema\/logo\/image\/","url":"https:\/\/gdi.net\/wp-content\/uploads\/2016\/04\/GDi_cyan_logo_200px.png","contentUrl":"https:\/\/gdi.net\/wp-content\/uploads\/2016\/04\/GDi_cyan_logo_200px.png","width":200,"height":200,"caption":"GDi"},"image":{"@id":"https:\/\/gdi.net\/sl\/#\/schema\/logo\/image\/"},"sameAs":["https:\/\/www.facebook.com\/gdigroup","https:\/\/www.instagram.com\/gdionegroup\/","https:\/\/www.linkedin.com\/company\/gdi-group","https:\/\/www.youtube.com\/channel\/UCfEnNBafyeAeqPOdfUydjBQ"]}]}},"_links":{"self":[{"href":"https:\/\/gdi.net\/sl\/wp-json\/wp\/v2\/pages\/29105","targetHints":{"allow":["GET"]}}],"collection":[{"href":"https:\/\/gdi.net\/sl\/wp-json\/wp\/v2\/pages"}],"about":[{"href":"https:\/\/gdi.net\/sl\/wp-json\/wp\/v2\/types\/page"}],"author":[{"embeddable":true,"href":"https:\/\/gdi.net\/sl\/wp-json\/wp\/v2\/users\/35"}],"replies":[{"embeddable":true,"href":"https:\/\/gdi.net\/sl\/wp-json\/wp\/v2\/comments?post=29105"}],"version-history":[{"count":0,"href":"https:\/\/gdi.net\/sl\/wp-json\/wp\/v2\/pages\/29105\/revisions"}],"wp:attachment":[{"href":"https:\/\/gdi.net\/sl\/wp-json\/wp\/v2\/media?parent=29105"}],"curies":[{"name":"wp","href":"https:\/\/api.w.org\/{rel}","templated":true}]}}