{"id":29104,"date":"2016-08-01T14:06:05","date_gmt":"2016-08-01T12:06:05","guid":{"rendered":"https:\/\/gdi.net\/privacy-policy\/"},"modified":"2024-12-17T08:34:02","modified_gmt":"2024-12-17T07:34:02","slug":"privacy-policy","status":"publish","type":"page","link":"https:\/\/gdi.net\/sl\/privacy-policy\/","title":{"rendered":"Privacy Policy"},"content":{"rendered":"<p><div id=\"privacy_policy\" class=\"fusion-container-anchor\"><div class=\"fusion-fullwidth fullwidth-box fusion-builder-row-1 nonhundred-percent-fullwidth non-hundred-percent-height-scrolling\" style=\"--awb-background-position:left top;--awb-border-sizes-top:0px;--awb-border-sizes-bottom:0px;--awb-border-sizes-left:0px;--awb-border-sizes-right:0px;--awb-border-color:#f5f5f5;--awb-border-radius-top-left:0px;--awb-border-radius-top-right:0px;--awb-border-radius-bottom-right:0px;--awb-border-radius-bottom-left:0px;--awb-padding-top:30px;--awb-padding-bottom:10px;--awb-background-color:#ffffff;--awb-flex-wrap:wrap;\" ><div class=\"fusion-builder-row fusion-row\"><div class=\"fusion-layout-column fusion_builder_column fusion-builder-column-0 fusion_builder_column_1_1 1_1 fusion-one-full fusion-column-first fusion-column-last\" style=\"--awb-bg-size:cover;\"><div class=\"fusion-column-wrapper fusion-flex-column-wrapper-legacy\"><div class=\"fusion-title title fusion-title-1 fusion-sep-none fusion-title-text fusion-title-size-five\"><h5 class=\"fusion-title-heading title-heading-left fusion-responsive-typography-calculated\" style=\"margin:0;--fontSize:19.104;--minFontSize:19.104;line-height:1.38;\"><strong>Pravilnik o zasebnosti GDi<\/strong><\/p>\n<p>glejte <a class=\"fusion-one-page-text-link\" href=\"#gdpr1\">\u00a0<strong>Splo\u0161na uredba o varstvu podatkov (GDPR 2016)<\/strong><\/a><\/h5><\/div><div class=\"fusion-text fusion-text-1\" style=\"--awb-text-transform:none;\"><ol>\n<li>\n<h6><strong><strong>Uvod<\/strong><\/strong><\/h6>\n<ul>\n<li>Zavezani smo k varovanju zasebnosti obiskovalcev na\u0161ega spletnega mesta; v tem pravilniku pojasnjujemo, kako bomo ravnali z va\u0161imi osebnimi podatki.<\/li>\n<li>Z uporabo na\u0161ega spletnega mesta in strinjanjem s tem pravilnikom sogla\u0161ate z na\u0161o uporabo pi\u0161kotkov v skladu s pogoji tega pravilnika.<\/li>\n<\/ul>\n<\/li>\n<li>\n<h6><strong>Zbiranje osebnih podatkov<\/strong><\/h6>\n<ul>\n<li>Zbiramo, shranjujemo in uporabljamo lahko naslednje vrste osebnih podatkov:<br \/>\n(a) podatke o va\u0161em ra\u010dunalniku ter o va\u0161ih obiskih in uporabi tega spletnega mesta (vklju\u010dno z va\u0161im naslovom IP, geografsko lokacijo, vrsto in razli\u010dico brskalnika, operacijskim sistemom, referen\u010dnim virom, dol\u017eino obiska, ogledi strani in navigacijskimi potmi po spletnem mestu);<br \/>\n(b) informacije, ki nam jih posredujete ob registraciji na na\u0161em spletnem mestu (vklju\u010dno z va\u0161im e-po\u0161tnim naslovom);<br \/>\n(c) informacije, ki jih posredujete pri izpolnjevanju svojega profila na na\u0161em spletnem mestu (vklju\u010dno z va\u0161im imenom, profilnimi slikami, podatki o zaposlitvi);<br \/>\n(\u010d) informacije, ki nam jih posredujete, ko uporabljate na\u0161e spletne kontaktne obrazce ali ko se naro\u010dite na na\u0161a e-po\u0161tna obvestila in\/ali novice (vklju\u010dno z va\u0161im imenom in e-po\u0161tnim naslovom);<br \/>\n(d) informacije, ki jih objavite na na\u0161em spletnem mestu za objavo na internetu (vklju\u010dno z va\u0161im uporabni\u0161kim imenom, profilnimi slikami in vsebino va\u0161ih objav);<br \/>\n(e) informacije, ki jih vsebuje ali so povezane s katerim koli sporo\u010dilom, ki nam ga po\u0161ljete ali po\u0161ljete prek na\u0161ega spletnega mesta (vklju\u010dno z vsebino sporo\u010dila in metapodatki, povezanimi s sporo\u010dilom); in<br \/>\n(f) vse druge osebne podatke, ki nam jih po\u0161ljete.<\/li>\n<li>Preden nam razkrijete osebne podatke druge osebe, morate od te osebe pridobiti soglasje za razkritje in obdelavo teh osebnih podatkov v skladu s tem pravilnikom.<\/li>\n<\/ul>\n<\/li>\n<li>\n<h6><strong>Uporaba osebnih podatkov<\/strong><\/h6>\n<ul>\n<li>Osebni podatki, ki nam jih posredujete prek na\u0161ega spletnega mesta, se bodo uporabljali za namene, dolo\u010dene v tem pravilniku, ali na ustreznih straneh spletnega mesta.<\/li>\n<li>Va\u0161e osebne podatke lahko uporabimo za:<br \/>\n(a) upravljanje na\u0161ega spletnega mesta in poslovanja;<br \/>\n(b) prilagajanje na\u0161ega spletnega mesta za vas;<br \/>\n(c) omogo\u010danje uporabe storitev, ki so na voljo na na\u0161em spletnem mestu;<br \/>\n(\u010d) po\u0161iljanje netr\u017enih komercialnih sporo\u010dil;<br \/>\n(d) po\u0161iljanje e-po\u0161tnih obvestil, ki ste jih izrecno zahtevali;<br \/>\n(e) po\u0161iljanje na\u0161ih e-novic, \u010de ste jih zahtevali (kadar koli nas lahko obvestite, \u010de novic ne \u017eelite ve\u010d prejemati);<br \/>\n(f) po\u0161iljanje tr\u017enih sporo\u010dil v zvezi z na\u0161im poslovanjem ali poslovanjem skrbno izbranih tretjih oseb, za katera menimo, da bi vas lahko zanimala, po po\u0161ti, e-po\u0161ti ali podobni tehnologiji (kadar koli nas lahko obvestite, \u010de tr\u017enih sporo\u010dil ne \u017eelite ve\u010d prejemati);<br \/>\n(g) posredovanje statisti\u010dnih podatkov o na\u0161ih uporabnikih tretjim osebam (vendar te tretje osebe na podlagi teh podatkov ne bodo mogle identificirati posameznega uporabnika);<br \/>\n(h) razre\u0161evanje poizvedb in prito\u017eb, ki se nana\u0161ajo na vas ali so bile podane glede na\u0161ega spletnega mesta;<br \/>\n(i) zagotavljanje varnosti na\u0161ega spletnega mesta in prepre\u010devanje goljufij; in<br \/>\n(j) preverjanje skladnosti s pogoji, ki urejajo uporabo na\u0161ega spletnega mesta (vklju\u010dno s spremljanjem zasebnih sporo\u010dil, poslanih prek storitve zasebnih sporo\u010dil na na\u0161em spletnem mestu).<\/li>\n<li>\u010ce posredujete osebne podatke za objavo na na\u0161em spletnem mestu, bomo te podatke objavili in druga\u010de uporabili v skladu z licenco, ki ste nam jo podelili.<\/li>\n<li>Va\u0161e nastavitve zasebnosti, ki jih uporabljate, lahko omejijo objavo va\u0161ih podatkov na na\u0161em spletnem mestu in jih je mogo\u010de prilagoditi prek nadzora zasebnosti na spletnem mestu.<\/li>\n<li>Brez va\u0161ega izrecnega soglasja va\u0161ih osebnih podatkov ne bomo posredovali nobeni tretji osebi za namen njihovega neposrednega tr\u017eenja ali neposrednega tr\u017eenja katere koli druge tretje osebe.<\/li>\n<\/ul>\n<\/li>\n<li>\n<h6><strong>Razkritje osebnih podatkov<\/strong><\/h6>\n<ul>\n<li>Va\u0161e osebne podatke lahko razkrijemo vsem svojim zaposlenim, vodilnim delavcem, zavarovalnicam, strokovnim svetovalcem, zastopnikom, dobaviteljem ali podizvajalcem, \u010de je to razumno potrebno za namene, dolo\u010dene v tem pravilniku.<\/li>\n<li>Va\u0161e osebne podatke lahko razkrijemo kateremu koli \u010dlanu na\u0161e skupine podjetij (to pomeni na\u0161im h\u010derinskim dru\u017ebam, na\u0161i krovni dru\u017ebi in vsem<br \/>\nnjenim h\u010derinskim dru\u017ebam), \u010de je to razumno potrebno za namene, dolo\u010dene v tem pravilniku.<\/li>\n<li>Va\u0161e osebne podatke lahko razkrijemo:<br \/>\n(a) \u010de to od nas zahteva zakon;<br \/>\n(b) v povezavi z aktualnimi ali potencialnimi pravnimi postopki;<br \/>\n(c) za uveljavljanje, izvajanje ali obrambo na\u0161ih zakonskih pravic (vklju\u010dno s posredovanjem informacij drugim za namene prepre\u010devanja goljufij in zmanj\u0161evanja kreditnega tveganja);<br \/>\n(\u010d) kupcu (ali potencialnemu kupcu) katerega koli podjetja ali sredstva, ki ga prodajamo (ali nameravamo prodati), in<br \/>\n(d) kateri koli osebi, za katero upravi\u010deno verjamemo, da lahko na sodi\u0161\u010du ali pri drugem pristojnem organu vlo\u017ei zahtevo za razkritje teh osebnih podatkov, \u010de menimo, da bo sodi\u0161\u010de ali organ verjetno odredil razkritje teh osebnih podatkov.<\/li>\n<li>Va\u0161ih osebnih podatkov ne bomo posredovali tretjim osebam, razen \u010de je to dolo\u010deno v tem pravilniku.<\/li>\n<\/ul>\n<\/li>\n<li>\n<h6><strong>Mednarodni prenosi podatkov<\/strong><\/h6>\n<ul>\n<li>Podatki, ki jih zbiramo, se lahko shranjujejo in obdelujejo v kateri koli dr\u017eavi, v kateri poslujemo, ter se prena\u0161ajo med temi dr\u017eavami, da lahko podatke uporabljamo v skladu s tem pravilnikom.<\/li>\n<li>Podatki, ki jih zbiramo, se lahko prenesejo v naslednje dr\u017eave, ki nimajo zakonov o varstvu podatkov, enakovrednih tistim, ki veljajo v Evropskem gospodarskem prostoru: Zdru\u017eene dr\u017eave Amerike, Rusija, Japonska, Kitajska in Indija.<\/li>\n<li>Osebni podatki, ki jih objavite na na\u0161em spletnem mestu ali jih po\u0161ljete v objavo na na\u0161em spletnem mestu, so lahko prek interneta na voljo po vsem svetu. Ne moremo prepre\u010diti, da bi drugi te podatke uporabljali ali zlorabljali.<\/li>\n<li>Izrecno se strinjate s prenosi osebnih podatkov, opisanimi pod to 5. to\u010dko.<\/li>\n<\/ul>\n<\/li>\n<li>\n<h6><strong>Hranjenje osebnih podatkov<\/strong><\/h6>\n<ul>\n<li>Pod 6. to\u010dko so predstavljene na\u0161e politike in postopki hrambe podatkov, ki so namenjeni zagotavljanju skladnosti z na\u0161imi pravnimi obveznostmi glede hrambe in brisanja osebnih podatkov.<\/li>\n<li>Osebnih podatkov, ki jih obdelujemo za kateri koli namen ali namene, ne bomo hranili dlje, kot je potrebno za ta namen ali te namene.<\/li>\n<li>Ne glede na druge dolo\u010dbe te 6. to\u010dke bomo hranili dokumente (vklju\u010dno z elektronskimi dokumenti), ki vsebujejo osebne podatke:<br \/>\n(a) \u010de to od nas zahteva zakon;<br \/>\n(b) \u010de menimo, da so dokumenti lahko pomembni za aktualne ali potencialne pravne postopke; in<br \/>\n(c) za uveljavljanje, izvajanje ali obrambo na\u0161ih zakonskih pravic (vklju\u010dno s posredovanjem informacij drugim za namene prepre\u010devanja goljufij in zmanj\u0161evanja kreditnega tveganja).<\/li>\n<\/ul>\n<\/li>\n<li>\n<h6><strong>Varnost osebnih podatkov<\/strong><\/h6>\n<ul>\n<li>Sprejeli bomo razumne tehni\u010dne in organizacijske previdnostne ukrepe, da prepre\u010dimo izgubo, zlorabo ali spreminjanje va\u0161ih osebnih podatkov.<\/li>\n<li>Vse osebne podatke, ki jih posredujete, hranimo na na\u0161ih varnih stre\u017enikih (za\u0161\u010ditenih z geslom in po\u017earnim zidom).<\/li>\n<li>Vse elektronske finan\u010dne transakcije, sklenjene prek na\u0161ega spletnega mesta, so za\u0161\u010ditene s tehnologijo \u0161ifriranja.<\/li>\n<li>Zavedate se, da je prenos informacij prek interneta po naravi nevaren in da ne moremo jam\u010diti za varnost podatkov, poslanih prek interneta.<\/li>\n<li>Geslo, ki ga uporabljate za dostop do na\u0161ega spletnega mesta, mora ostati zaupno; gesla od vas ne bomo zahtevali (razen ob prijavi na na\u0161e spletno mesto).<\/li>\n<\/ul>\n<\/li>\n<li>\n<h6><strong>Spremembe<\/strong><\/h6>\n<ul>\n<li>Ta pravilnik lahko ob\u010dasno posodobimo z objavo nove razli\u010dice na na\u0161em spletnem mestu.<\/li>\n<li>Ob\u010dasno preverite to spletno mesto in se prepri\u010dajte, da ste zadovoljni z vsemi spremembami tega pravilnika.<\/li>\n<\/ul>\n<\/li>\n<li>\n<h6><strong>Va\u0161e pravice<\/strong><\/h6>\n<ul>\n<li>Zahtevate lahko, da vam posredujemo vse osebne podatke, ki jih hranimo o vas; zagotavljanje takih podatkov je pogojeno z:<br \/>\n(a) veljavno zakonodajo in<br \/>\n(b) predlo\u017eitvijo ustreznega dokazila o va\u0161i identiteti (v ta namen obi\u010dajno sprejmemo fotokopijo va\u0161e nacionalne osebne izkaznice\/potnega lista, ki jo potrdi odvetnik ali banka, ter originalno kopijo ra\u010duna za javne storitve, ki prikazuje va\u0161 trenutni naslov).<\/li>\n<li>Osebne podatke, ki jih zahtevate, lahko zadr\u017eimo v obsegu, ki ga dovoljuje zakon.<\/li>\n<li>Kadar koli lahko zahtevate, da va\u0161ih osebnih podatkov ne obdelujemo za namene tr\u017eenja.<\/li>\n<li>V praksi obi\u010dajno vnaprej izrecno sogla\u0161ate z uporabo va\u0161ih osebnih podatkov za namene tr\u017eenja ali pa vam ponudimo mo\u017enost, da zavrnete uporabo va\u0161ih osebnih podatkov za namene tr\u017eenja.<\/li>\n<\/ul>\n<\/li>\n<li>\n<h6><strong>Spletne strani tretjih oseb<\/strong><\/h6>\n<ul>\n<li>Na\u0161e spletno mesto vsebuje hiperpovezave na spletna mesta tretjih oseb in podatke o njih.<\/li>\n<li>Nimamo nadzora nad politikami zasebnosti in praksami tretjih oseb ter zanje ne odgovarjamo.<\/li>\n<\/ul>\n<\/li>\n<li>\n<h6><strong>Posodabljanje informacij<\/strong><\/h6>\n<ul>\n<li>Sporo\u010dite nam, \u010de je treba osebne podatke, ki jih hranimo o vas, popraviti ali posodobiti.<\/li>\n<\/ul>\n<\/li>\n<li>\n<h6><strong>Na\u0161i podatki<\/strong><\/h6>\n<ul>\n<li>To spletno mesto si lasti in upravlja dru\u017eba GDi GROUP LLC.<\/li>\n<li>Registrirani smo na Hrva\u0161kem pod mati\u010dno \u0161tevilko MBS 080587777 pri Trgovskem sodi\u0161\u010du v Zagrebu, na\u0161 sede\u017e pa je na Ba\u0161tijanovi 52a, HR-10000 Zagreb, Hrva\u0161ka.<\/li>\n<li>Na\u0161i glavni poslovni prostori so na Ba\u0161tijanovi 52a, HR-10000 Zagreb, Hrva\u0161ka.<\/li>\n<li>Dosegljivi smo:<br \/>\n(a) po po\u0161ti na zgoraj navedeni po\u0161tni naslov;<br \/>\n(b) prek kontaktnega obrazca na na\u0161i spletni strani;<br \/>\n(c) po telefonu prek kontaktne \u0161tevilke, objavljene na na\u0161i spletni strani, ali<br \/>\n(\u010d) po elektronski po\u0161ti.<\/li>\n<\/ul>\n<\/li>\n<\/ol>\n<h6><strong>Fotografiranje in video posnetki:<\/strong><\/h6>\n<p>Fotografiramo in snemamo lahko med dogodki, ki jih organizira GDi, na usposabljanjih in ob drugih prilo\u017enostih. Video in fotografske vsebine se lahko uporabljajo za, vendar niso omejene na, objavo na spletni strani dru\u017ebe GDi, straneh Facebook in LinkedIn. \u010ce ne \u017eelite, da vas ob tak\u0161nih prilo\u017enostih fotografirajo ali snemajo, nas o tem obvestite vnaprej ali na za\u010detku dogodka.<\/p>\n<h6><strong>Zahvala:<\/strong><\/h6>\n<p>Navodila za pripravo tega dokumenta je zagotovilo podjetje SEQ Legal (http:\/\/www.seqlegal.com)<\/p>\n<\/div><div class=\"fusion-clearfix\"><\/div><\/div><\/div><\/div><\/div><\/div><div id=\"gdpr1\" class=\"fusion-container-anchor\"><div class=\"fusion-fullwidth fullwidth-box fusion-builder-row-2 nonhundred-percent-fullwidth non-hundred-percent-height-scrolling\" style=\"--awb-border-radius-top-left:0px;--awb-border-radius-top-right:0px;--awb-border-radius-bottom-right:0px;--awb-border-radius-bottom-left:0px;--awb-background-color:rgba(244,67,54,0);--awb-flex-wrap:wrap;\" ><div class=\"fusion-builder-row fusion-row\"><div class=\"fusion-layout-column fusion_builder_column fusion-builder-column-1 fusion_builder_column_1_1 1_1 fusion-one-full fusion-column-first fusion-column-last\" style=\"--awb-bg-color:rgba(255,255,255,0);--awb-bg-color-hover:rgba(255,255,255,0);--awb-bg-size:cover;\"><div class=\"fusion-column-wrapper fusion-flex-column-wrapper-legacy\"><div class=\"fusion-text fusion-text-2\"><h2>Splo\u0161na uredba o varstvu podatkov<\/h2>\n<p>Zakonska pravica do dostopa do informacij o sebi je zajeta v <strong><a href=\"https:\/\/commission.europa.eu\/law\/law-topic\/data-protection_en\" target=\"_blank\" rel=\"noopener noreferrer\">Splo\u0161ni uredbi o varstvu podatkov (GDPR 2016).<\/a><\/strong> GDPR varuje osebne podatke, ki se obdelujejo za dejavnosti in transakcije v Evropski uniji (EU).<\/p>\n<p>GDPR daje posameznikom pravico, da zahtevajo in v ve\u010dini primerov dobijo kopijo podatkov, ki jih dru\u017eba GDi hrani o njih. To se imenuje zahteva za dostop do osebnih podatkov (SAR).<\/p>\n<p>Upo\u0161tevajte, da v skladu z uredbo posameznik lahko vpogleda ali prejme kopijo le lastnih informacij. Do vpogleda v podatke nekoga drugega niste upravi\u010deni, razen \u010de vam je ta oseba to dovolila. Prav tako nih\u010de drug ne more zahtevati va\u0161ih podatkov, \u010de mu tega ne dovolite. To velja za zakonce, sorodnike, prijatelje itd.<\/p>\n<p>\u010ce \u017eelite videti ali dobiti kopijo podatkov, ki jih dru\u017eba GDi hrani o vas, morate zahtevo vlo\u017eiti na obrazcu SAR. Va\u0161a zahteva mora vsebovati dovolj informacij o vas in zahtevanih podatkih, da lahko dru\u017eba GDi identificira vas in va\u0161e podatke, predlo\u017eiti pa morate tudi dokazilo o identiteti.<\/p>\n<p>\u010ce \u017eelite vlo\u017eiti zahtevo, izpolnite in vrnite na\u0161 obrazec za zahtevo za dostop do osebnih podatkov. Zahtevo lahko vlo\u017eite:<\/p>\n<ul>\n<li>tako, da prenesete, izpolnite, natisnete in nam po\u0161ljete tiskano razli\u010dico obrazca za zahtevo za dostop do osebnih podatkov <strong>ALI<\/strong><\/li>\n<li>tako, da nam po\u0161ljete elektronsko kopijo izpolnjenega obrazca po elektronski po\u0161ti.<\/li>\n<\/ul>\n<p>Za dodatne informacije glede dostopa pi\u0161ite na dpo@gdi.net ali pokli\u010dite na telefonsko \u0161tevilko +385-1-366-7666.<\/p>\n<\/div><div class=\"fusion-clearfix\"><\/div><\/div><\/div><\/div><\/div><\/div><\/p>\n","protected":false},"excerpt":{"rendered":"","protected":false},"author":35,"featured_media":0,"parent":0,"menu_order":0,"comment_status":"closed","ping_status":"closed","template":"100-width.php","meta":{"_acf_changed":false,"footnotes":""},"class_list":["post-29104","page","type-page","status-publish","hentry"],"acf":[],"yoast_head":"<!-- This site is optimized with the Yoast SEO Premium plugin v27.0 (Yoast SEO v27.0) - https:\/\/yoast.com\/product\/yoast-seo-premium-wordpress\/ -->\n<title>GDi - Privacy Policy<\/title>\n<meta name=\"robots\" content=\"index, follow, max-snippet:-1, max-image-preview:large, max-video-preview:-1\" \/>\n<link rel=\"canonical\" href=\"https:\/\/gdi.net\/sl\/privacy-policy\/\" \/>\n<meta property=\"og:locale\" content=\"sl_SI\" \/>\n<meta property=\"og:type\" content=\"article\" \/>\n<meta property=\"og:title\" content=\"Privacy Policy\" \/>\n<meta property=\"og:url\" content=\"https:\/\/gdi.net\/sl\/privacy-policy\/\" \/>\n<meta property=\"og:site_name\" content=\"GDi\" \/>\n<meta property=\"article:publisher\" content=\"https:\/\/www.facebook.com\/gdigroup\" \/>\n<meta property=\"article:modified_time\" content=\"2024-12-17T07:34:02+00:00\" \/>\n<meta property=\"og:image\" content=\"https:\/\/gdi.net\/wp-content\/uploads\/2016\/04\/GDi_cyan_logo_200px.png\" \/>\n\t<meta property=\"og:image:width\" content=\"200\" \/>\n\t<meta property=\"og:image:height\" content=\"200\" \/>\n\t<meta property=\"og:image:type\" content=\"image\/png\" \/>\n<meta name=\"twitter:card\" content=\"summary_large_image\" \/>\n<script type=\"application\/ld+json\" class=\"yoast-schema-graph\">{\"@context\":\"https:\/\/schema.org\",\"@graph\":[{\"@type\":\"WebPage\",\"@id\":\"https:\/\/gdi.net\/sl\/privacy-policy\/\",\"url\":\"https:\/\/gdi.net\/sl\/privacy-policy\/\",\"name\":\"GDi - Privacy Policy\",\"isPartOf\":{\"@id\":\"https:\/\/gdi.net\/sl\/#website\"},\"datePublished\":\"2016-08-01T12:06:05+00:00\",\"dateModified\":\"2024-12-17T07:34:02+00:00\",\"breadcrumb\":{\"@id\":\"https:\/\/gdi.net\/sl\/privacy-policy\/#breadcrumb\"},\"inLanguage\":\"sl-SI\",\"potentialAction\":[{\"@type\":\"ReadAction\",\"target\":[\"https:\/\/gdi.net\/sl\/privacy-policy\/\"]}]},{\"@type\":\"BreadcrumbList\",\"@id\":\"https:\/\/gdi.net\/sl\/privacy-policy\/#breadcrumb\",\"itemListElement\":[{\"@type\":\"ListItem\",\"position\":1,\"name\":\"Home\",\"item\":\"https:\/\/gdi.net\/sl\/\"},{\"@type\":\"ListItem\",\"position\":2,\"name\":\"Privacy Policy\"}]},{\"@type\":\"WebSite\",\"@id\":\"https:\/\/gdi.net\/sl\/#website\",\"url\":\"https:\/\/gdi.net\/sl\/\",\"name\":\"GDi\",\"description\":\"GDi corporate website\",\"publisher\":{\"@id\":\"https:\/\/gdi.net\/sl\/#organization\"},\"potentialAction\":[{\"@type\":\"SearchAction\",\"target\":{\"@type\":\"EntryPoint\",\"urlTemplate\":\"https:\/\/gdi.net\/sl\/?s={search_term_string}\"},\"query-input\":{\"@type\":\"PropertyValueSpecification\",\"valueRequired\":true,\"valueName\":\"search_term_string\"}}],\"inLanguage\":\"sl-SI\"},{\"@type\":\"Organization\",\"@id\":\"https:\/\/gdi.net\/sl\/#organization\",\"name\":\"GDi\",\"url\":\"https:\/\/gdi.net\/sl\/\",\"logo\":{\"@type\":\"ImageObject\",\"inLanguage\":\"sl-SI\",\"@id\":\"https:\/\/gdi.net\/sl\/#\/schema\/logo\/image\/\",\"url\":\"https:\/\/gdi.net\/wp-content\/uploads\/2016\/04\/GDi_cyan_logo_200px.png\",\"contentUrl\":\"https:\/\/gdi.net\/wp-content\/uploads\/2016\/04\/GDi_cyan_logo_200px.png\",\"width\":200,\"height\":200,\"caption\":\"GDi\"},\"image\":{\"@id\":\"https:\/\/gdi.net\/sl\/#\/schema\/logo\/image\/\"},\"sameAs\":[\"https:\/\/www.facebook.com\/gdigroup\",\"https:\/\/www.instagram.com\/gdionegroup\/\",\"https:\/\/www.linkedin.com\/company\/gdi-group\",\"https:\/\/www.youtube.com\/channel\/UCfEnNBafyeAeqPOdfUydjBQ\"]}]}<\/script>\n<!-- \/ Yoast SEO Premium plugin. -->","yoast_head_json":{"title":"GDi - Privacy Policy","robots":{"index":"index","follow":"follow","max-snippet":"max-snippet:-1","max-image-preview":"max-image-preview:large","max-video-preview":"max-video-preview:-1"},"canonical":"https:\/\/gdi.net\/sl\/privacy-policy\/","og_locale":"sl_SI","og_type":"article","og_title":"Privacy Policy","og_url":"https:\/\/gdi.net\/sl\/privacy-policy\/","og_site_name":"GDi","article_publisher":"https:\/\/www.facebook.com\/gdigroup","article_modified_time":"2024-12-17T07:34:02+00:00","og_image":[{"width":200,"height":200,"url":"https:\/\/gdi.net\/wp-content\/uploads\/2016\/04\/GDi_cyan_logo_200px.png","type":"image\/png"}],"twitter_card":"summary_large_image","schema":{"@context":"https:\/\/schema.org","@graph":[{"@type":"WebPage","@id":"https:\/\/gdi.net\/sl\/privacy-policy\/","url":"https:\/\/gdi.net\/sl\/privacy-policy\/","name":"GDi - Privacy Policy","isPartOf":{"@id":"https:\/\/gdi.net\/sl\/#website"},"datePublished":"2016-08-01T12:06:05+00:00","dateModified":"2024-12-17T07:34:02+00:00","breadcrumb":{"@id":"https:\/\/gdi.net\/sl\/privacy-policy\/#breadcrumb"},"inLanguage":"sl-SI","potentialAction":[{"@type":"ReadAction","target":["https:\/\/gdi.net\/sl\/privacy-policy\/"]}]},{"@type":"BreadcrumbList","@id":"https:\/\/gdi.net\/sl\/privacy-policy\/#breadcrumb","itemListElement":[{"@type":"ListItem","position":1,"name":"Home","item":"https:\/\/gdi.net\/sl\/"},{"@type":"ListItem","position":2,"name":"Privacy Policy"}]},{"@type":"WebSite","@id":"https:\/\/gdi.net\/sl\/#website","url":"https:\/\/gdi.net\/sl\/","name":"GDi","description":"GDi corporate website","publisher":{"@id":"https:\/\/gdi.net\/sl\/#organization"},"potentialAction":[{"@type":"SearchAction","target":{"@type":"EntryPoint","urlTemplate":"https:\/\/gdi.net\/sl\/?s={search_term_string}"},"query-input":{"@type":"PropertyValueSpecification","valueRequired":true,"valueName":"search_term_string"}}],"inLanguage":"sl-SI"},{"@type":"Organization","@id":"https:\/\/gdi.net\/sl\/#organization","name":"GDi","url":"https:\/\/gdi.net\/sl\/","logo":{"@type":"ImageObject","inLanguage":"sl-SI","@id":"https:\/\/gdi.net\/sl\/#\/schema\/logo\/image\/","url":"https:\/\/gdi.net\/wp-content\/uploads\/2016\/04\/GDi_cyan_logo_200px.png","contentUrl":"https:\/\/gdi.net\/wp-content\/uploads\/2016\/04\/GDi_cyan_logo_200px.png","width":200,"height":200,"caption":"GDi"},"image":{"@id":"https:\/\/gdi.net\/sl\/#\/schema\/logo\/image\/"},"sameAs":["https:\/\/www.facebook.com\/gdigroup","https:\/\/www.instagram.com\/gdionegroup\/","https:\/\/www.linkedin.com\/company\/gdi-group","https:\/\/www.youtube.com\/channel\/UCfEnNBafyeAeqPOdfUydjBQ"]}]}},"_links":{"self":[{"href":"https:\/\/gdi.net\/sl\/wp-json\/wp\/v2\/pages\/29104","targetHints":{"allow":["GET"]}}],"collection":[{"href":"https:\/\/gdi.net\/sl\/wp-json\/wp\/v2\/pages"}],"about":[{"href":"https:\/\/gdi.net\/sl\/wp-json\/wp\/v2\/types\/page"}],"author":[{"embeddable":true,"href":"https:\/\/gdi.net\/sl\/wp-json\/wp\/v2\/users\/35"}],"replies":[{"embeddable":true,"href":"https:\/\/gdi.net\/sl\/wp-json\/wp\/v2\/comments?post=29104"}],"version-history":[{"count":6,"href":"https:\/\/gdi.net\/sl\/wp-json\/wp\/v2\/pages\/29104\/revisions"}],"predecessor-version":[{"id":130993,"href":"https:\/\/gdi.net\/sl\/wp-json\/wp\/v2\/pages\/29104\/revisions\/130993"}],"wp:attachment":[{"href":"https:\/\/gdi.net\/sl\/wp-json\/wp\/v2\/media?parent=29104"}],"curies":[{"name":"wp","href":"https:\/\/api.w.org\/{rel}","templated":true}]}}