{"id":28960,"date":"2017-08-17T15:47:38","date_gmt":"2017-08-17T13:47:38","guid":{"rendered":"https:\/\/gdi.net\/?page_id=28960\/"},"modified":"2018-01-17T17:57:22","modified_gmt":"2018-01-17T16:57:22","slug":"events-calendar","status":"publish","type":"page","link":"https:\/\/gdi.net\/sl\/events-calendar\/","title":{"rendered":"Events Calendar"},"content":{"rendered":"<p><div class=\"fusion-fullwidth fullwidth-box fusion-builder-row-1 nonhundred-percent-fullwidth non-hundred-percent-height-scrolling fusion-no-small-visibility\" style=\"--awb-border-radius-top-left:0px;--awb-border-radius-top-right:0px;--awb-border-radius-bottom-right:0px;--awb-border-radius-bottom-left:0px;--awb-margin-top:20px;--awb-margin-bottom:0px;--awb-flex-wrap:wrap;\" ><div class=\"fusion-builder-row fusion-row\"><div class=\"fusion-layout-column fusion_builder_column fusion-builder-column-0 fusion_builder_column_1_1 1_1 fusion-one-full fusion-column-first fusion-column-last\" style=\"--awb-bg-color:rgba(255,255,255,0.57);--awb-bg-color-hover:rgba(255,255,255,0.57);--awb-bg-size:cover;--awb-margin-bottom:0px;\"><div class=\"fusion-column-wrapper fusion-flex-column-wrapper-legacy\"><div class=\"fusion-text fusion-text-1\"><style type=\"text\/css\">\r\n\t\t\t\t\r\n\t\t\t\t\t\t.breadcrumb-container {\r\n\t\t\t\t\t\t  font-size: 16px  !important;\r\n\t\t\t\t\t\t}\r\n\t\t\t\t\r\n\t\t\t\t\t\t.breadcrumb-container li a{\r\n\t\t\t\t\t\t  color: #747474  !important;\r\n\t\t\t\t\t\t  font-size: 16px  !important;\r\n\t\t\t\t\t\t  line-height: 16px  !important;\r\n\t\t\t\t\t\t}\r\n\t\t\t\t\t\t\r\n\t\t\t\t\t\t.breadcrumb-container li .separator {\r\n\t\t\t\t\t\t  color: #747474  !important;\r\n\t\t\t\t\t\t  font-size: 16px  !important;\r\n\t\t\t\t\t\t}\t\t\t\t\t\t\r\n\t\t\t\t\t\t\r\n\t\t\t\t\t\t\r\n\t\t\t\t\r\n\t\t\t\t\r\n\t\t\t\t\t\t\t\r\n\t\t\t\t\t\t\t\r\n.breadcrumb-container.theme1 li {\r\n\tmargin: 0;\r\n\tpadding: 0;\r\n}\t\t\t\t\t\t\t\r\n\t\t\t\t\t\t\t\r\n.breadcrumb-container.theme1 a {\r\n\tbackground: #ffffff;\r\n\tdisplay: inline-block;\r\n\tmargin: 0 5px;\r\n\tpadding: 5px 10px;\r\n\ttext-decoration: none;\r\n}\r\n\r\n<\/style>\r\n\t\t\t\t<div class=\"breadcrumb-container theme1\" itemprop=\"breadcrumb\" itemscope itemtype=\"http:\/\/schema.org\/BreadcrumbList\"><ul itemtype=\"http:\/\/schema.org\/BreadcrumbList\" itemscope=\"\"><\/ul><\/div>\n<\/div><div class=\"fusion-clearfix\"><\/div><\/div><\/div><\/div><\/div><div class=\"fusion-fullwidth fullwidth-box fusion-builder-row-2 hundred-percent-fullwidth non-hundred-percent-height-scrolling\" style=\"--awb-border-radius-top-left:0px;--awb-border-radius-top-right:0px;--awb-border-radius-bottom-right:0px;--awb-border-radius-bottom-left:0px;--awb-padding-top:40px;--awb-padding-bottom:0px;--awb-flex-wrap:wrap;\" ><div class=\"fusion-builder-row fusion-row\"><div class=\"fusion-layout-column fusion_builder_column fusion-builder-column-1 fusion_builder_column_1_1 1_1 fusion-one-full fusion-column-first fusion-column-last fusion-column-no-min-height\" style=\"--awb-bg-size:cover;--awb-margin-bottom:0px;\"><div class=\"fusion-column-wrapper fusion-flex-column-wrapper-legacy\"><div class=\"fusion-text fusion-text-2\"><div class=\"pt-cv-wrapper\"><div class=\"pt-cv-view pt-cv-timeline pt-cv-pginfinite\" id=\"pt-cv-view-b9a806c64y\"><div class=\"tl-spine\"><a href=\"#\"><\/a><\/div>\n<div class=\"tl-items\">\n<div class=\"tl-item pt-left\"><div class=\"tl-item-content\"><i class=\"tl-pointer\"><\/i><div class=\" pt-cv-content-item pt-cv-1-col\"  data-pid=\"137476\"><a href=\"https:\/\/gdi.net\/sl\/events-list\/gis-dan\/\" class=\"_self pt-cv-href-thumbnail pt-cv-thumb-default cvplbd cvp-lazy-container\" target=\"_self\" ><img decoding=\"async\" width=\"1920\" height=\"1080\" src=\"https:\/\/gdi.net\/wp-content\/plugins\/pt-content-views-pro\/public\/assets\/images\/lazy_image.png\" class=\"pt-cv-thumbnail img-none skip-lazy  lazyload  no-lazyload  cvplazy\" alt=\"GIS dan\" data-cvpsrc=\"https:\/\/gdi.net\/wp-content\/uploads\/2025\/11\/2020-gisday-zoom-bkg-8.jpg\" \/><\/a>\n<h5 class=\"pt-cv-title\"><a href=\"https:\/\/gdi.net\/sl\/events-list\/gis-dan\/\" class=\"_self cvplbd\" target=\"_self\" >GIS dan<\/a><\/h5>\n<div class=\"pt-cv-ctf-list\" data-cvc=\"1\"><div class=\"col-md-12 pt-cv-ctf-column\"><div class=\"pt-cv-custom-fields pt-cv-ctf-event_end_date\"><div class=\"pt-cv-ctf-value\">19\/11\/2025<\/div><\/div><\/div><\/div>\n<div class=\"pt-cv-content\">\u017de od leta 1999 dalje, po celem svetu enkrat letno prazunujemo GIS dan, ki je namenjen pou\u010devanju in navdihovanju z<\/div><\/div><\/div><\/div>\n<div class=\"tl-item pt-right\"><div class=\"tl-item-content\"><i class=\"tl-pointer\"><\/i><div class=\" pt-cv-content-item pt-cv-1-col\"  data-pid=\"135652\"><a href=\"https:\/\/gdi.net\/sl\/events-list\/gdi-solutions-day-2025-slovenia\/\" class=\"_self pt-cv-href-thumbnail pt-cv-thumb-default cvplbd cvp-lazy-container\" target=\"_self\" ><img decoding=\"async\" width=\"1280\" height=\"768\" src=\"https:\/\/gdi.net\/wp-content\/plugins\/pt-content-views-pro\/public\/assets\/images\/lazy_image.png\" class=\"pt-cv-thumbnail img-none skip-lazy  lazyload  no-lazyload  cvplazy\" alt=\"GDi Solutions Day 2025 Slovenia\" data-cvpsrc=\"https:\/\/gdi.net\/wp-content\/uploads\/2025\/07\/SD_2025_main_Vizual_tablet_1280_x_768_px.jpg\" \/><\/a>\n<h5 class=\"pt-cv-title\"><a href=\"https:\/\/gdi.net\/sl\/events-list\/gdi-solutions-day-2025-slovenia\/\" class=\"_self cvplbd\" target=\"_self\" >GDi Solutions Day 2025 Slovenia<\/a><\/h5>\n<div class=\"pt-cv-ctf-list\" data-cvc=\"1\"><div class=\"col-md-12 pt-cv-ctf-column\"><div class=\"pt-cv-custom-fields pt-cv-ctf-event_end_date\"><div class=\"pt-cv-ctf-value\">30\/09\/2025<\/div><\/div><\/div><\/div>\n<div class=\"pt-cv-content\">Strojno in globoko u\u010denje ter lokacijska inteligenca, ki jo poganja GIS tehnologija, so postali vsakdanji del avtomatizacije delovnih postopkov.<\/div><\/div><\/div><\/div>\n<div class=\"tl-item pt-left\"><div class=\"tl-item-content\"><i class=\"tl-pointer\"><\/i><div class=\" pt-cv-content-item pt-cv-1-col\"  data-pid=\"127884\"><a href=\"https:\/\/gdi.net\/sl\/events-list\/gdi-delavnica-za-arcgis-urban\/\" class=\"_self pt-cv-href-thumbnail pt-cv-thumb-default cvplbd cvp-lazy-container\" target=\"_self\" ><img decoding=\"async\" width=\"1920\" height=\"1280\" src=\"https:\/\/gdi.net\/wp-content\/plugins\/pt-content-views-pro\/public\/assets\/images\/lazy_image.png\" class=\"pt-cv-thumbnail img-none skip-lazy  lazyload  no-lazyload  cvplazy\" alt=\"GDi delavnica za ArcGIS Urban\" data-cvpsrc=\"https:\/\/gdi.net\/wp-content\/uploads\/2024\/10\/cover-image_GDi_Urban_24-3.jpg\" \/><\/a>\n<h5 class=\"pt-cv-title\"><a href=\"https:\/\/gdi.net\/sl\/events-list\/gdi-delavnica-za-arcgis-urban\/\" class=\"_self cvplbd\" target=\"_self\" >GDi delavnica za ArcGIS Urban<\/a><\/h5>\n<div class=\"pt-cv-ctf-list\" data-cvc=\"1\"><div class=\"col-md-12 pt-cv-ctf-column\"><div class=\"pt-cv-custom-fields pt-cv-ctf-event_end_date\"><div class=\"pt-cv-ctf-value\">29\/10\/2024<\/div><\/div><\/div><\/div>\n<div class=\"pt-cv-content\">V GDi Ljubljana smo imeli privilegij pozdraviti gospoda Brooksa Patricka, Vodja globalnega poslovnega razvoja za pametna mesta pri Esri Inc.<\/div><\/div><\/div><\/div>\n<div class=\"tl-item pt-right\"><div class=\"tl-item-content\"><i class=\"tl-pointer\"><\/i><div class=\" pt-cv-content-item pt-cv-1-col\"  data-pid=\"124426\"><a href=\"https:\/\/gdi.net\/sl\/events-list\/gdi-solutions-day-2024\/\" class=\"_self pt-cv-href-thumbnail pt-cv-thumb-default cvplbd cvp-lazy-container\" target=\"_self\" ><img decoding=\"async\" width=\"1920\" height=\"1080\" src=\"https:\/\/gdi.net\/wp-content\/plugins\/pt-content-views-pro\/public\/assets\/images\/lazy_image.png\" class=\"pt-cv-thumbnail img-none skip-lazy  lazyload  no-lazyload  cvplazy\" alt=\"Solutions Day 2024\" data-cvpsrc=\"https:\/\/gdi.net\/wp-content\/uploads\/2024\/04\/GDi-Solutions-Day-avg24-COVER-img-1.jpg\" \/><\/a>\n<h5 class=\"pt-cv-title\"><a href=\"https:\/\/gdi.net\/sl\/events-list\/gdi-solutions-day-2024\/\" class=\"_self cvplbd\" target=\"_self\" >Solutions Day 2024<\/a><\/h5>\n<div class=\"pt-cv-ctf-list\" data-cvc=\"1\"><div class=\"col-md-12 pt-cv-ctf-column\"><div class=\"pt-cv-custom-fields pt-cv-ctf-event_end_date\"><div class=\"pt-cv-ctf-value\">03\/10\/2024<\/div><\/div><\/div><\/div>\n<div class=\"pt-cv-content\">\u201cEden bolj\u0161ih dogodkov,\u201d je bilo sli\u0161ati po hodnikih Grand Plaza Hotela, kjer se je prej\u0161nji \u010detrtek odvil GDi Solutions Day.<\/div><\/div><\/div><\/div>\n<div class=\"tl-item pt-left\"><div class=\"tl-item-content\"><i class=\"tl-pointer\"><\/i><div class=\" pt-cv-content-item pt-cv-1-col\"  data-pid=\"125320\"><a href=\"https:\/\/gdi.net\/sl\/events-list\/wearedevelopers\/\" class=\"_self pt-cv-href-thumbnail pt-cv-thumb-default cvplbd cvp-lazy-container\" target=\"_self\" ><img decoding=\"async\" width=\"1920\" height=\"1080\" src=\"https:\/\/gdi.net\/wp-content\/plugins\/pt-content-views-pro\/public\/assets\/images\/lazy_image.png\" class=\"pt-cv-thumbnail img-none skip-lazy  lazyload  no-lazyload  cvplazy\" alt=\"WeAreDevelopers\" data-cvpsrc=\"https:\/\/gdi.net\/wp-content\/uploads\/2024\/08\/Untitled_design_8.png\" \/><\/a>\n<h5 class=\"pt-cv-title\"><a href=\"https:\/\/gdi.net\/sl\/events-list\/wearedevelopers\/\" class=\"_self cvplbd\" target=\"_self\" >WeAreDevelopers<\/a><\/h5>\n<div class=\"pt-cv-ctf-list\" data-cvc=\"1\"><div class=\"col-md-12 pt-cv-ctf-column\"><div class=\"pt-cv-custom-fields pt-cv-ctf-event_end_date\"><div class=\"pt-cv-ctf-value\">19\/07\/2024<\/div><\/div><\/div><\/div>\n<div class=\"pt-cv-content\">V Berlinu se je med 17. in 19. julijem 2024 odvil najve\u010dji dogodek na svetu za razvoj programske opreme WeAreDevelpers.<\/div><\/div><\/div><\/div>\n<div class=\"tl-item pt-right\"><div class=\"tl-item-content\"><i class=\"tl-pointer\"><\/i><div class=\" pt-cv-content-item pt-cv-1-col\"  data-pid=\"124414\"><a href=\"https:\/\/gdi.net\/sl\/events-list\/elektro-infrastruktura-resitve-naslednje-generacije\/\" class=\"_self pt-cv-href-thumbnail pt-cv-thumb-default cvplbd cvp-lazy-container\" target=\"_self\" ><img decoding=\"async\" width=\"1200\" height=\"1200\" src=\"https:\/\/gdi.net\/wp-content\/plugins\/pt-content-views-pro\/public\/assets\/images\/lazy_image.png\" class=\"pt-cv-thumbnail img-none skip-lazy  lazyload  no-lazyload  cvplazy\" alt=\"Elektro infrastruktura \u2013 re\u0161itve naslednje generacije\" data-cvpsrc=\"https:\/\/gdi.net\/wp-content\/uploads\/2024\/04\/webPG-GDi-17apr24.jpg\" \/><\/a>\n<h5 class=\"pt-cv-title\"><a href=\"https:\/\/gdi.net\/sl\/events-list\/elektro-infrastruktura-resitve-naslednje-generacije\/\" class=\"_self cvplbd\" target=\"_self\" >Elektro infrastruktura \u2013 re\u0161itve naslednje generacije<\/a><\/h5>\n<div class=\"pt-cv-ctf-list\" data-cvc=\"1\"><div class=\"col-md-12 pt-cv-ctf-column\"><div class=\"pt-cv-custom-fields pt-cv-ctf-event_end_date\"><div class=\"pt-cv-ctf-value\">19\/04\/2024<\/div><\/div><\/div><\/div>\n<div class=\"pt-cv-content\">Podjetja, ki upravljajo z javno infrastrukturo (elektro, optika, plin, vodovod, kanalizacija ...), se sre\u010dujejo z nara\u0161\u010dajo\u010dimi potrebami na podro\u010djih avtomatizacije,<\/div><\/div><\/div><\/div>\n<\/div><\/div>\n<div class=\"text-left pt-cv-pagination-wrapper\"><a href='https:\/\/gdi.net\/sl\/wp-json\/wp\/v2\/pages\/28960\/?_page=2' onclick='event.preventDefault()' class=\"pt-cv-more btn btn-primary btn-sm\" data-totalpages=\"5\" data-nextpages=\"2\" data-sid=\"b9a806c64y\" data-unid=\"\">More <span class=\"caret\"><\/span><\/a><img decoding=\"async\" width=\"15\" height=\"15\" class=\"pt-cv-spinner\" alt=\"Loading...\" src=\"data:image\/gif;base64,R0lGODlhDwAPALMPAMrKygwMDJOTkz09PZWVla+vr3p6euTk5M7OzuXl5TMzMwAAAJmZmWZmZszMzP\/\/\/yH\/C05FVFNDQVBFMi4wAwEAAAAh+QQFCgAPACwAAAAADwAPAAAEQvDJaZaZOIcV8iQK8VRX4iTYoAwZ4iCYoAjZ4RxejhVNoT+mRGP4cyF4Pp0N98sBGIBMEMOotl6YZ3S61Bmbkm4mAgAh+QQFCgAPACwAAAAADQANAAAENPDJSRSZeA418itN8QiK8BiLITVsFiyBBIoYqnoewAD4xPw9iY4XLGYSjkQR4UAUD45DLwIAIfkEBQoADwAsAAAAAA8ACQAABC\/wyVlamTi3nSdgwFNdhEJgTJoNyoB9ISYoQmdjiZPcj7EYCAeCF1gEDo4Dz2eIAAAh+QQFCgAPACwCAAAADQANAAAEM\/DJBxiYeLKdX3IJZT1FU0iIg2RNKx3OkZVnZ98ToRD4MyiDnkAh6BkNC0MvsAj0kMpHBAAh+QQFCgAPACwGAAAACQAPAAAEMDC59KpFDll73HkAA2wVY5KgiK5b0RRoI6MuzG6EQqCDMlSGheEhUAgqgUUAFRySIgAh+QQFCgAPACwCAAIADQANAAAEM\/DJKZNLND\/kkKaHc3xk+QAMYDKsiaqmZCxGVjSFFCxB1vwy2oOgIDxuucxAMTAJFAJNBAAh+QQFCgAPACwAAAYADwAJAAAEMNAs86q1yaWwwv2Ig0jUZx3OYa4XoRAfwADXoAwfo1+CIjyFRuEho60aSNYlOPxEAAAh+QQFCgAPACwAAAIADQANAAAENPA9s4y8+IUVcqaWJ4qEQozSoAzoIyhCK2NFU2SJk0hNnyEOhKR2AzAAj4Pj4GE4W0bkJQIAOw==\" \/><div class=\"clear pt-cv-clear-pagination\"><\/div><\/div><\/div>\t\t\t<style type=\"text\/css\" id=\"pt-cv-inline-style-9bb3380dfn\">#pt-cv-view-b9a806c64y  .pt-cv-content-item   { background-color: #ffffff !important; }\n#pt-cv-view-b9a806c64y .pt-cv-title a, #pt-cv-view-b9a806c64y  .panel-title { color: #000000 !important; background-color: rgba(255,255,255,0) !important; }\n#pt-cv-view-b9a806c64y  .pt-cv-title a:hover, #pt-cv-view-b9a806c64y  .panel-title:hover   { color: #000000 !important; background-color: rgba(255,255,255,0) !important; }\n#pt-cv-view-b9a806c64y .pt-cv-content , #pt-cv-view-b9a806c64y  .pt-cv-content *:not(.pt-cv-readmore):not(style):not(script) { font-size: 14px !important; background-color: rgba(255,255,255,0) !important; line-height: 1.5 !important; }\n@media (min-width: 768px) and (max-width: 991px) {#pt-cv-view-b9a806c64y .pt-cv-content , #pt-cv-view-b9a806c64y  .pt-cv-content *:not(.pt-cv-readmore):not(style):not(script) { font-size: 14px !important }}\n@media (max-width: 767px) {#pt-cv-view-b9a806c64y .pt-cv-content , #pt-cv-view-b9a806c64y  .pt-cv-content *:not(.pt-cv-readmore):not(style):not(script) { font-size: 14px !important }}\n#pt-cv-view-b9a806c64y .pt-cv-carousel-caption  { background-color: rgba(51,51,51,.6) !important; }\n#pt-cv-view-b9a806c64y .pt-cv-meta-fields * { color: #00adee !important; }\n#pt-cv-view-b9a806c64y .pt-cv-specialp { background-color: rgba(0,0,0,0.5) !important }\n#pt-cv-view-b9a806c64y .pt-cv-specialp * { color: #fff !important; }\n#pt-cv-view-b9a806c64y .pt-cv-pficon  { color: #bbb !important; }\n#pt-cv-view-b9a806c64y .pt-cv-custom-fields * { font-size: 14px !important; line-height: 1.3 !important; }\n@media (min-width: 768px) and (max-width: 991px) {#pt-cv-view-b9a806c64y .pt-cv-custom-fields * { font-size: 14px !important }}\n@media (max-width: 767px) {#pt-cv-view-b9a806c64y .pt-cv-custom-fields * { font-size: 14px !important }}\n#pt-cv-view-b9a806c64y .pt-cv-readmore  { font-family: 'Open Sans', Arial, serif !important; color: #000000 !important; background-color: #ffffff !important; }\n#pt-cv-view-b9a806c64y .pt-cv-readmore:hover  { color: #00adee !important; background-color: #ffffff !important; }\n#pt-cv-view-b9a806c64y  + .pt-cv-pagination-wrapper .pt-cv-more , #pt-cv-view-b9a806c64y  + .pt-cv-pagination-wrapper .pagination .active a, .pt-cv-pagination[data-sid='b9a806c64y'] .active a { color: #ffffff !important; background-color: #00aeef !important; }<\/style>\r\n\t\t\t<link href='\/\/fonts.googleapis.com\/css?family=Open+Sans' rel='stylesheet' type='text\/css'>\n<\/div><div class=\"fusion-clearfix\"><\/div><\/div><\/div><\/div><\/div><\/p>\n","protected":false},"excerpt":{"rendered":"","protected":false},"author":35,"featured_media":28961,"parent":0,"menu_order":0,"comment_status":"open","ping_status":"closed","template":"","meta":{"_acf_changed":false,"footnotes":""},"class_list":["post-28960","page","type-page","status-publish","has-post-thumbnail","hentry"],"acf":[],"yoast_head":"<!-- This site is optimized with the Yoast SEO Premium plugin v27.0 (Yoast SEO v27.0) - https:\/\/yoast.com\/product\/yoast-seo-premium-wordpress\/ -->\n<title>GDi - Events Calendar<\/title>\n<meta name=\"description\" content=\"Take a look at events that we have organised or attended. See also future events in which the GDi team will be involved. All are welcome.\" \/>\n<meta name=\"robots\" content=\"index, follow, max-snippet:-1, max-image-preview:large, max-video-preview:-1\" \/>\n<link rel=\"canonical\" href=\"https:\/\/gdi.net\/sl\/events-calendar\/\" \/>\n<meta property=\"og:locale\" content=\"sl_SI\" \/>\n<meta property=\"og:type\" content=\"article\" \/>\n<meta property=\"og:title\" content=\"Events Calendar\" \/>\n<meta property=\"og:description\" content=\"Take a look at events that we have organised or attended. See also future events in which the GDi team will be involved. All are welcome.\" \/>\n<meta property=\"og:url\" content=\"https:\/\/gdi.net\/sl\/events-calendar\/\" \/>\n<meta property=\"og:site_name\" content=\"GDi\" \/>\n<meta property=\"article:publisher\" content=\"https:\/\/www.facebook.com\/gdigroup\" \/>\n<meta property=\"article:modified_time\" content=\"2018-01-17T16:57:22+00:00\" \/>\n<meta property=\"og:image\" content=\"https:\/\/gdi.net\/wp-content\/uploads\/2013\/05\/events_calendar_featured_images_300_200.jpg\" \/>\n\t<meta property=\"og:image:width\" content=\"301\" \/>\n\t<meta property=\"og:image:height\" content=\"200\" \/>\n\t<meta property=\"og:image:type\" content=\"image\/jpeg\" \/>\n<meta name=\"twitter:card\" content=\"summary_large_image\" \/>\n<script type=\"application\/ld+json\" class=\"yoast-schema-graph\">{\"@context\":\"https:\/\/schema.org\",\"@graph\":[{\"@type\":\"WebPage\",\"@id\":\"https:\/\/gdi.net\/sl\/events-calendar\/\",\"url\":\"https:\/\/gdi.net\/sl\/events-calendar\/\",\"name\":\"GDi - Events Calendar\",\"isPartOf\":{\"@id\":\"https:\/\/gdi.net\/sl\/#website\"},\"primaryImageOfPage\":{\"@id\":\"https:\/\/gdi.net\/sl\/events-calendar\/#primaryimage\"},\"image\":{\"@id\":\"https:\/\/gdi.net\/sl\/events-calendar\/#primaryimage\"},\"thumbnailUrl\":\"https:\/\/gdi.net\/wp-content\/uploads\/2013\/05\/events_calendar_featured_images_300_200.jpg\",\"datePublished\":\"2017-08-17T13:47:38+00:00\",\"dateModified\":\"2018-01-17T16:57:22+00:00\",\"description\":\"Take a look at events that we have organised or attended. See also future events in which the GDi team will be involved. All are welcome.\",\"breadcrumb\":{\"@id\":\"https:\/\/gdi.net\/sl\/events-calendar\/#breadcrumb\"},\"inLanguage\":\"sl-SI\",\"potentialAction\":[{\"@type\":\"ReadAction\",\"target\":[\"https:\/\/gdi.net\/sl\/events-calendar\/\"]}]},{\"@type\":\"ImageObject\",\"inLanguage\":\"sl-SI\",\"@id\":\"https:\/\/gdi.net\/sl\/events-calendar\/#primaryimage\",\"url\":\"https:\/\/gdi.net\/wp-content\/uploads\/2013\/05\/events_calendar_featured_images_300_200.jpg\",\"contentUrl\":\"https:\/\/gdi.net\/wp-content\/uploads\/2013\/05\/events_calendar_featured_images_300_200.jpg\",\"width\":301,\"height\":200,\"caption\":\"events calendar\"},{\"@type\":\"BreadcrumbList\",\"@id\":\"https:\/\/gdi.net\/sl\/events-calendar\/#breadcrumb\",\"itemListElement\":[{\"@type\":\"ListItem\",\"position\":1,\"name\":\"Home\",\"item\":\"https:\/\/gdi.net\/sl\/\"},{\"@type\":\"ListItem\",\"position\":2,\"name\":\"Events Calendar\"}]},{\"@type\":\"WebSite\",\"@id\":\"https:\/\/gdi.net\/sl\/#website\",\"url\":\"https:\/\/gdi.net\/sl\/\",\"name\":\"GDi\",\"description\":\"GDi corporate website\",\"publisher\":{\"@id\":\"https:\/\/gdi.net\/sl\/#organization\"},\"potentialAction\":[{\"@type\":\"SearchAction\",\"target\":{\"@type\":\"EntryPoint\",\"urlTemplate\":\"https:\/\/gdi.net\/sl\/?s={search_term_string}\"},\"query-input\":{\"@type\":\"PropertyValueSpecification\",\"valueRequired\":true,\"valueName\":\"search_term_string\"}}],\"inLanguage\":\"sl-SI\"},{\"@type\":\"Organization\",\"@id\":\"https:\/\/gdi.net\/sl\/#organization\",\"name\":\"GDi\",\"url\":\"https:\/\/gdi.net\/sl\/\",\"logo\":{\"@type\":\"ImageObject\",\"inLanguage\":\"sl-SI\",\"@id\":\"https:\/\/gdi.net\/sl\/#\/schema\/logo\/image\/\",\"url\":\"https:\/\/gdi.net\/wp-content\/uploads\/2016\/04\/GDi_cyan_logo_200px.png\",\"contentUrl\":\"https:\/\/gdi.net\/wp-content\/uploads\/2016\/04\/GDi_cyan_logo_200px.png\",\"width\":200,\"height\":200,\"caption\":\"GDi\"},\"image\":{\"@id\":\"https:\/\/gdi.net\/sl\/#\/schema\/logo\/image\/\"},\"sameAs\":[\"https:\/\/www.facebook.com\/gdigroup\",\"https:\/\/www.instagram.com\/gdionegroup\/\",\"https:\/\/www.linkedin.com\/company\/gdi-group\",\"https:\/\/www.youtube.com\/channel\/UCfEnNBafyeAeqPOdfUydjBQ\"]}]}<\/script>\n<!-- \/ Yoast SEO Premium plugin. -->","yoast_head_json":{"title":"GDi - Events Calendar","description":"Take a look at events that we have organised or attended. See also future events in which the GDi team will be involved. All are welcome.","robots":{"index":"index","follow":"follow","max-snippet":"max-snippet:-1","max-image-preview":"max-image-preview:large","max-video-preview":"max-video-preview:-1"},"canonical":"https:\/\/gdi.net\/sl\/events-calendar\/","og_locale":"sl_SI","og_type":"article","og_title":"Events Calendar","og_description":"Take a look at events that we have organised or attended. See also future events in which the GDi team will be involved. All are welcome.","og_url":"https:\/\/gdi.net\/sl\/events-calendar\/","og_site_name":"GDi","article_publisher":"https:\/\/www.facebook.com\/gdigroup","article_modified_time":"2018-01-17T16:57:22+00:00","og_image":[{"width":301,"height":200,"url":"https:\/\/gdi.net\/wp-content\/uploads\/2013\/05\/events_calendar_featured_images_300_200.jpg","type":"image\/jpeg"}],"twitter_card":"summary_large_image","schema":{"@context":"https:\/\/schema.org","@graph":[{"@type":"WebPage","@id":"https:\/\/gdi.net\/sl\/events-calendar\/","url":"https:\/\/gdi.net\/sl\/events-calendar\/","name":"GDi - Events Calendar","isPartOf":{"@id":"https:\/\/gdi.net\/sl\/#website"},"primaryImageOfPage":{"@id":"https:\/\/gdi.net\/sl\/events-calendar\/#primaryimage"},"image":{"@id":"https:\/\/gdi.net\/sl\/events-calendar\/#primaryimage"},"thumbnailUrl":"https:\/\/gdi.net\/wp-content\/uploads\/2013\/05\/events_calendar_featured_images_300_200.jpg","datePublished":"2017-08-17T13:47:38+00:00","dateModified":"2018-01-17T16:57:22+00:00","description":"Take a look at events that we have organised or attended. See also future events in which the GDi team will be involved. All are welcome.","breadcrumb":{"@id":"https:\/\/gdi.net\/sl\/events-calendar\/#breadcrumb"},"inLanguage":"sl-SI","potentialAction":[{"@type":"ReadAction","target":["https:\/\/gdi.net\/sl\/events-calendar\/"]}]},{"@type":"ImageObject","inLanguage":"sl-SI","@id":"https:\/\/gdi.net\/sl\/events-calendar\/#primaryimage","url":"https:\/\/gdi.net\/wp-content\/uploads\/2013\/05\/events_calendar_featured_images_300_200.jpg","contentUrl":"https:\/\/gdi.net\/wp-content\/uploads\/2013\/05\/events_calendar_featured_images_300_200.jpg","width":301,"height":200,"caption":"events calendar"},{"@type":"BreadcrumbList","@id":"https:\/\/gdi.net\/sl\/events-calendar\/#breadcrumb","itemListElement":[{"@type":"ListItem","position":1,"name":"Home","item":"https:\/\/gdi.net\/sl\/"},{"@type":"ListItem","position":2,"name":"Events Calendar"}]},{"@type":"WebSite","@id":"https:\/\/gdi.net\/sl\/#website","url":"https:\/\/gdi.net\/sl\/","name":"GDi","description":"GDi corporate website","publisher":{"@id":"https:\/\/gdi.net\/sl\/#organization"},"potentialAction":[{"@type":"SearchAction","target":{"@type":"EntryPoint","urlTemplate":"https:\/\/gdi.net\/sl\/?s={search_term_string}"},"query-input":{"@type":"PropertyValueSpecification","valueRequired":true,"valueName":"search_term_string"}}],"inLanguage":"sl-SI"},{"@type":"Organization","@id":"https:\/\/gdi.net\/sl\/#organization","name":"GDi","url":"https:\/\/gdi.net\/sl\/","logo":{"@type":"ImageObject","inLanguage":"sl-SI","@id":"https:\/\/gdi.net\/sl\/#\/schema\/logo\/image\/","url":"https:\/\/gdi.net\/wp-content\/uploads\/2016\/04\/GDi_cyan_logo_200px.png","contentUrl":"https:\/\/gdi.net\/wp-content\/uploads\/2016\/04\/GDi_cyan_logo_200px.png","width":200,"height":200,"caption":"GDi"},"image":{"@id":"https:\/\/gdi.net\/sl\/#\/schema\/logo\/image\/"},"sameAs":["https:\/\/www.facebook.com\/gdigroup","https:\/\/www.instagram.com\/gdionegroup\/","https:\/\/www.linkedin.com\/company\/gdi-group","https:\/\/www.youtube.com\/channel\/UCfEnNBafyeAeqPOdfUydjBQ"]}]}},"_links":{"self":[{"href":"https:\/\/gdi.net\/sl\/wp-json\/wp\/v2\/pages\/28960","targetHints":{"allow":["GET"]}}],"collection":[{"href":"https:\/\/gdi.net\/sl\/wp-json\/wp\/v2\/pages"}],"about":[{"href":"https:\/\/gdi.net\/sl\/wp-json\/wp\/v2\/types\/page"}],"author":[{"embeddable":true,"href":"https:\/\/gdi.net\/sl\/wp-json\/wp\/v2\/users\/35"}],"replies":[{"embeddable":true,"href":"https:\/\/gdi.net\/sl\/wp-json\/wp\/v2\/comments?post=28960"}],"version-history":[{"count":0,"href":"https:\/\/gdi.net\/sl\/wp-json\/wp\/v2\/pages\/28960\/revisions"}],"wp:featuredmedia":[{"embeddable":true,"href":"https:\/\/gdi.net\/sl\/wp-json\/wp\/v2\/media\/28961"}],"wp:attachment":[{"href":"https:\/\/gdi.net\/sl\/wp-json\/wp\/v2\/media?parent=28960"}],"curies":[{"name":"wp","href":"https:\/\/api.w.org\/{rel}","templated":true}]}}