{"id":97516,"date":"2021-07-21T14:06:12","date_gmt":"2021-07-21T12:06:12","guid":{"rendered":"https:\/\/gdi.net\/?page_id=97516"},"modified":"2022-11-16T17:11:35","modified_gmt":"2022-11-16T16:11:35","slug":"pravni-podaci","status":"publish","type":"page","link":"https:\/\/gdi.net\/hr\/pravni-podaci\/","title":{"rendered":"Pravni podaci"},"content":{"rendered":"<div class=\"fusion-fullwidth fullwidth-box fusion-builder-row-1 fusion-flex-container nonhundred-percent-fullwidth non-hundred-percent-height-scrolling\" style=\"--awb-border-radius-top-left:0px;--awb-border-radius-top-right:0px;--awb-border-radius-bottom-right:0px;--awb-border-radius-bottom-left:0px;--awb-flex-wrap:wrap;\" ><div class=\"fusion-builder-row fusion-row fusion-flex-align-items-flex-start fusion-flex-content-wrap\" style=\"max-width:1456px;margin-left: calc(-4% \/ 2 );margin-right: calc(-4% \/ 2 );\"><div class=\"fusion-layout-column fusion_builder_column fusion-builder-column-0 fusion_builder_column_1_1 1_1 fusion-flex-column\" style=\"--awb-bg-size:cover;--awb-width-large:100%;--awb-margin-top-large:0px;--awb-spacing-right-large:1.92%;--awb-margin-bottom-large:20px;--awb-spacing-left-large:1.92%;--awb-width-medium:100%;--awb-order-medium:0;--awb-spacing-right-medium:1.92%;--awb-spacing-left-medium:1.92%;--awb-width-small:100%;--awb-order-small:0;--awb-spacing-right-small:1.92%;--awb-spacing-left-small:1.92%;\"><div class=\"fusion-column-wrapper fusion-column-has-shadow fusion-flex-justify-content-flex-start fusion-content-layout-column\"><div class=\"fusion-title title fusion-title-1 fusion-sep-none fusion-title-text fusion-title-size-two\"><h2 class=\"fusion-title-heading title-heading-left fusion-responsive-typography-calculated\" style=\"margin:0;--fontSize:30.896;line-height:1.38;\">Pravni podaci<\/h2><\/div><div class=\"fusion-text fusion-text-1\"><p><strong>OIB:<\/strong><br \/>\nHR95032181708<\/p>\n<p><strong>Mati\u010dni broj:<\/strong><br \/>\n03460002<\/p>\n<p><strong>VAT:<\/strong><br \/>\nHR95032181708<\/p>\n<p><strong>Status:<\/strong><br \/>\nAktivan<\/p>\n<p><strong>Registarski sud:<\/strong><br \/>\nTrgova\u010dki sud u Zagrebu, MBS 080047448<\/p>\n<p><strong>Puni naziv tvrtke:<\/strong><br \/>\nGDi dru\u0161tvo s ograni\u010denom odgovorno\u0161\u0107u za proizvodnju, trgovinu i usluge<\/p>\n<p><strong>Sjedi\u0161te:<\/strong><br \/>\nBa\u0161tijanova 52a, HR-10000 Zagreb, Hrvatska<\/p>\n<p><strong>Pravni oblik:<\/strong><br \/>\ndru\u0161tvo s ograni\u010denom odgovorno\u0161\u0107u<\/p>\n<p><strong>Temeljni kapital:<\/strong><br \/>\n8.700.000,00 HRK Upla\u0107en u cijelosti;<\/p>\n<p><strong>Predsjednik Uprave:<\/strong><br \/>\nLeon \u0160agovac<\/p>\n<p><strong>Transakcijski ra\u010dun:<\/strong><br \/>\nHR9023600001101207546<br \/>\nSWIFT: ZABAHR2X<br \/>\nZagreba\u010dka banka d.d.<\/p>\n<\/div><div class=\"fusion-separator fusion-full-width-sep\" style=\"align-self: center;margin-left: auto;margin-right: auto;margin-top:1em;margin-bottom:1em;width:100%;\"><\/div><\/div><\/div><\/div><\/div>\n","protected":false},"excerpt":{"rendered":"","protected":false},"author":35,"featured_media":0,"parent":0,"menu_order":0,"comment_status":"closed","ping_status":"closed","template":"100-width.php","meta":{"_acf_changed":false,"footnotes":""},"class_list":["post-97516","page","type-page","status-publish","hentry"],"acf":[],"yoast_head":"<!-- This site is optimized with the Yoast SEO Premium plugin v27.0 (Yoast SEO v27.0) - https:\/\/yoast.com\/product\/yoast-seo-premium-wordpress\/ -->\n<title>GDi - Pravni podaci<\/title>\n<meta name=\"robots\" content=\"index, follow, max-snippet:-1, max-image-preview:large, max-video-preview:-1\" \/>\n<link rel=\"canonical\" href=\"https:\/\/gdi.net\/hr\/pravni-podaci\/\" \/>\n<meta property=\"og:locale\" content=\"hr_HR\" \/>\n<meta property=\"og:type\" content=\"article\" \/>\n<meta property=\"og:title\" content=\"Pravni podaci\" \/>\n<meta property=\"og:url\" content=\"https:\/\/gdi.net\/hr\/pravni-podaci\/\" \/>\n<meta property=\"og:site_name\" content=\"GDi\" \/>\n<meta property=\"article:publisher\" content=\"https:\/\/www.facebook.com\/gdigroup\" \/>\n<meta property=\"article:modified_time\" content=\"2022-11-16T16:11:35+00:00\" \/>\n<meta property=\"og:image\" content=\"https:\/\/gdi.net\/wp-content\/uploads\/2016\/04\/GDi_cyan_logo_200px.png\" \/>\n\t<meta property=\"og:image:width\" content=\"200\" \/>\n\t<meta property=\"og:image:height\" content=\"200\" \/>\n\t<meta property=\"og:image:type\" content=\"image\/png\" \/>\n<meta name=\"twitter:card\" content=\"summary_large_image\" \/>\n<script type=\"application\/ld+json\" class=\"yoast-schema-graph\">{\"@context\":\"https:\/\/schema.org\",\"@graph\":[{\"@type\":\"WebPage\",\"@id\":\"https:\/\/gdi.net\/hr\/pravni-podaci\/\",\"url\":\"https:\/\/gdi.net\/hr\/pravni-podaci\/\",\"name\":\"GDi - Pravni podaci\",\"isPartOf\":{\"@id\":\"https:\/\/gdi.net\/hr\/#website\"},\"datePublished\":\"2021-07-21T12:06:12+00:00\",\"dateModified\":\"2022-11-16T16:11:35+00:00\",\"breadcrumb\":{\"@id\":\"https:\/\/gdi.net\/hr\/pravni-podaci\/#breadcrumb\"},\"inLanguage\":\"hr\",\"potentialAction\":[{\"@type\":\"ReadAction\",\"target\":[\"https:\/\/gdi.net\/hr\/pravni-podaci\/\"]}]},{\"@type\":\"BreadcrumbList\",\"@id\":\"https:\/\/gdi.net\/hr\/pravni-podaci\/#breadcrumb\",\"itemListElement\":[{\"@type\":\"ListItem\",\"position\":1,\"name\":\"Home\",\"item\":\"https:\/\/gdi.net\/hr\/\"},{\"@type\":\"ListItem\",\"position\":2,\"name\":\"Pravni podaci\"}]},{\"@type\":\"WebSite\",\"@id\":\"https:\/\/gdi.net\/hr\/#website\",\"url\":\"https:\/\/gdi.net\/hr\/\",\"name\":\"GDi\",\"description\":\"GDi corporate website\",\"publisher\":{\"@id\":\"https:\/\/gdi.net\/hr\/#organization\"},\"potentialAction\":[{\"@type\":\"SearchAction\",\"target\":{\"@type\":\"EntryPoint\",\"urlTemplate\":\"https:\/\/gdi.net\/hr\/?s={search_term_string}\"},\"query-input\":{\"@type\":\"PropertyValueSpecification\",\"valueRequired\":true,\"valueName\":\"search_term_string\"}}],\"inLanguage\":\"hr\"},{\"@type\":\"Organization\",\"@id\":\"https:\/\/gdi.net\/hr\/#organization\",\"name\":\"GDi\",\"url\":\"https:\/\/gdi.net\/hr\/\",\"logo\":{\"@type\":\"ImageObject\",\"inLanguage\":\"hr\",\"@id\":\"https:\/\/gdi.net\/hr\/#\/schema\/logo\/image\/\",\"url\":\"https:\/\/gdi.net\/wp-content\/uploads\/2016\/04\/GDi_cyan_logo_200px.png\",\"contentUrl\":\"https:\/\/gdi.net\/wp-content\/uploads\/2016\/04\/GDi_cyan_logo_200px.png\",\"width\":200,\"height\":200,\"caption\":\"GDi\"},\"image\":{\"@id\":\"https:\/\/gdi.net\/hr\/#\/schema\/logo\/image\/\"},\"sameAs\":[\"https:\/\/www.facebook.com\/gdigroup\",\"https:\/\/www.instagram.com\/gdionegroup\/\",\"https:\/\/www.linkedin.com\/company\/gdi-group\",\"https:\/\/www.youtube.com\/channel\/UCfEnNBafyeAeqPOdfUydjBQ\"]}]}<\/script>\n<!-- \/ Yoast SEO Premium plugin. -->","yoast_head_json":{"title":"GDi - Pravni podaci","robots":{"index":"index","follow":"follow","max-snippet":"max-snippet:-1","max-image-preview":"max-image-preview:large","max-video-preview":"max-video-preview:-1"},"canonical":"https:\/\/gdi.net\/hr\/pravni-podaci\/","og_locale":"hr_HR","og_type":"article","og_title":"Pravni podaci","og_url":"https:\/\/gdi.net\/hr\/pravni-podaci\/","og_site_name":"GDi","article_publisher":"https:\/\/www.facebook.com\/gdigroup","article_modified_time":"2022-11-16T16:11:35+00:00","og_image":[{"width":200,"height":200,"url":"https:\/\/gdi.net\/wp-content\/uploads\/2016\/04\/GDi_cyan_logo_200px.png","type":"image\/png"}],"twitter_card":"summary_large_image","schema":{"@context":"https:\/\/schema.org","@graph":[{"@type":"WebPage","@id":"https:\/\/gdi.net\/hr\/pravni-podaci\/","url":"https:\/\/gdi.net\/hr\/pravni-podaci\/","name":"GDi - Pravni podaci","isPartOf":{"@id":"https:\/\/gdi.net\/hr\/#website"},"datePublished":"2021-07-21T12:06:12+00:00","dateModified":"2022-11-16T16:11:35+00:00","breadcrumb":{"@id":"https:\/\/gdi.net\/hr\/pravni-podaci\/#breadcrumb"},"inLanguage":"hr","potentialAction":[{"@type":"ReadAction","target":["https:\/\/gdi.net\/hr\/pravni-podaci\/"]}]},{"@type":"BreadcrumbList","@id":"https:\/\/gdi.net\/hr\/pravni-podaci\/#breadcrumb","itemListElement":[{"@type":"ListItem","position":1,"name":"Home","item":"https:\/\/gdi.net\/hr\/"},{"@type":"ListItem","position":2,"name":"Pravni podaci"}]},{"@type":"WebSite","@id":"https:\/\/gdi.net\/hr\/#website","url":"https:\/\/gdi.net\/hr\/","name":"GDi","description":"GDi corporate website","publisher":{"@id":"https:\/\/gdi.net\/hr\/#organization"},"potentialAction":[{"@type":"SearchAction","target":{"@type":"EntryPoint","urlTemplate":"https:\/\/gdi.net\/hr\/?s={search_term_string}"},"query-input":{"@type":"PropertyValueSpecification","valueRequired":true,"valueName":"search_term_string"}}],"inLanguage":"hr"},{"@type":"Organization","@id":"https:\/\/gdi.net\/hr\/#organization","name":"GDi","url":"https:\/\/gdi.net\/hr\/","logo":{"@type":"ImageObject","inLanguage":"hr","@id":"https:\/\/gdi.net\/hr\/#\/schema\/logo\/image\/","url":"https:\/\/gdi.net\/wp-content\/uploads\/2016\/04\/GDi_cyan_logo_200px.png","contentUrl":"https:\/\/gdi.net\/wp-content\/uploads\/2016\/04\/GDi_cyan_logo_200px.png","width":200,"height":200,"caption":"GDi"},"image":{"@id":"https:\/\/gdi.net\/hr\/#\/schema\/logo\/image\/"},"sameAs":["https:\/\/www.facebook.com\/gdigroup","https:\/\/www.instagram.com\/gdionegroup\/","https:\/\/www.linkedin.com\/company\/gdi-group","https:\/\/www.youtube.com\/channel\/UCfEnNBafyeAeqPOdfUydjBQ"]}]}},"_links":{"self":[{"href":"https:\/\/gdi.net\/hr\/wp-json\/wp\/v2\/pages\/97516","targetHints":{"allow":["GET"]}}],"collection":[{"href":"https:\/\/gdi.net\/hr\/wp-json\/wp\/v2\/pages"}],"about":[{"href":"https:\/\/gdi.net\/hr\/wp-json\/wp\/v2\/types\/page"}],"author":[{"embeddable":true,"href":"https:\/\/gdi.net\/hr\/wp-json\/wp\/v2\/users\/35"}],"replies":[{"embeddable":true,"href":"https:\/\/gdi.net\/hr\/wp-json\/wp\/v2\/comments?post=97516"}],"version-history":[{"count":2,"href":"https:\/\/gdi.net\/hr\/wp-json\/wp\/v2\/pages\/97516\/revisions"}],"predecessor-version":[{"id":116901,"href":"https:\/\/gdi.net\/hr\/wp-json\/wp\/v2\/pages\/97516\/revisions\/116901"}],"wp:attachment":[{"href":"https:\/\/gdi.net\/hr\/wp-json\/wp\/v2\/media?parent=97516"}],"curies":[{"name":"wp","href":"https:\/\/api.w.org\/{rel}","templated":true}]}}