{"id":25401,"date":"2016-08-01T14:39:37","date_gmt":"2016-08-01T12:39:37","guid":{"rendered":"https:\/\/gdi.net\/cookies-policy\/"},"modified":"2023-12-07T08:35:15","modified_gmt":"2023-12-07T07:35:15","slug":"cookies-policy","status":"publish","type":"page","link":"https:\/\/gdi.net\/hr\/cookies-policy\/","title":{"rendered":"Cookies Policy"},"content":{"rendered":"<div class=\"fusion-fullwidth fullwidth-box fusion-builder-row-1 nonhundred-percent-fullwidth non-hundred-percent-height-scrolling\" style=\"--awb-background-position:left top;--awb-border-sizes-top:0px;--awb-border-sizes-bottom:0px;--awb-border-sizes-left:0px;--awb-border-sizes-right:0px;--awb-border-color:#f5f5f5;--awb-border-radius-top-left:0px;--awb-border-radius-top-right:0px;--awb-border-radius-bottom-right:0px;--awb-border-radius-bottom-left:0px;--awb-padding-top:30px;--awb-padding-bottom:10px;--awb-background-color:#ffffff;--awb-flex-wrap:wrap;\" ><div class=\"fusion-builder-row fusion-row\"><div class=\"fusion-layout-column fusion_builder_column fusion-builder-column-0 fusion_builder_column_1_1 1_1 fusion-one-full fusion-column-first fusion-column-last\" style=\"--awb-bg-size:cover;\"><div class=\"fusion-column-wrapper fusion-flex-column-wrapper-legacy\"><div class=\"fusion-text fusion-text-1\" style=\"--awb-text-transform:none;\"><div class=\"cli_pg_page_contaner\">\n<h3>O na\u0161im pravilima o kola\u010di\u0107ima<\/h3>\n<div>\n<p>Ova Pravila o kola\u010di\u0107ima obja\u0161njavaju \u0161to su kola\u010di\u0107i i kako ih koristimo, vrste kola\u010di\u0107a koje koristimo, tj. podatke koje prikupljamo pomo\u0107u kola\u010di\u0107a i kako se te informacije koriste, te kako kontrolirati postavke kola\u010di\u0107a. Za dodatne informacije o tome kako koristimo, pohranjujemo i \u010duvamo va\u0161e osobne podatke, pogledajte na\u0161a Pravila o privatnosti.<\/p>\n<p>U bilo kojem trenutku mo\u017eete promijeniti ili povu\u0107i svoj pristanak iz Izjave o kola\u010di\u0107ima na na\u0161oj web stranici.<br \/>\nSaznajte vi\u0161e o tome tko smo mi, kako nas mo\u017eete kontaktirati i kako obra\u0111ujemo osobne podatke u na\u0161im Pravilima privatnosti.<br \/>\nVa\u0161 se pristanak odnosi na sljede\u0107e domene: gdi.net.<\/p>\n<p>[user_consent_state]\n<\/p><\/div>\n<h3>\u0160to su kola\u010di\u0107i?<\/h3>\n<div>\n<p>Kola\u010di\u0107i su male tekstualne datoteke koje se koriste za pohranjivanje malih dijelova informacija. Pohranjuju se na va\u0161em ure\u0111aju kada se web stranica u\u010dita u va\u0161 preglednik. Ovi kola\u010di\u0107i nam poma\u017eu da web stranica ispravno funkcionira, \u010dine je sigurnijom, pru\u017eaju bolje korisni\u010dko iskustvo i razumijevanje kako web stranica radi te pomo\u0107u njih analiziramo funkcionalnost na\u0161ih web stranica i definiramo mjesta koja trebaju pobolj\u0161anje.<\/p>\n<\/div>\n<h3>Kako koristimo kola\u010di\u0107e?<\/h3>\n<div>\n<p>Kao i ve\u0107ina online usluga, na\u0161e web stranice koristi kola\u010di\u0107e prve i tre\u0107e strane u nekoliko namjena. Kola\u010di\u0107i prve strane uglavnom su nu\u017eni za ispravno funkcioniranje web stranice i ne prikupljaju va\u0161e osobne podatke.<\/p>\n<p>Kola\u010di\u0107i tre\u0107ih strana koji se koriste na na\u0161im web stranicama slu\u017ee nam kako bismo mjerili uspje\u0161nost funkcioniranja web-sjedi\u0161ta, va\u0161u interakciju s na\u0161im web stranicama, kako bismo za\u0161titili na\u0161e usluge, prikazivali personalizirane oglase te Vam pru\u017eili pobolj\u0161ano korisni\u010dko iskustvo i pomo\u0107 da ubrzate svoju budu\u0107u interakciju s na\u0161im web stranicama.<\/p>\n<\/div>\n<h3>Koje vrste kola\u010di\u0107a koristimo?<\/h3>\n<div>\n<p>Neophodni: Neki kola\u010di\u0107i su neophodni da biste mogli iskusiti punu funkcionalnost na\u0161ih stranica. Omogu\u0107uju nam odr\u017eavanje korisni\u010dkih sesija i sprje\u010davanje bilo kakvih sigurnosnih prijetnji. Ne prikupljaju niti pohranjuju va\u0161e osobne podatke. Na primjer, ovi kola\u010di\u0107i vam omogu\u0107uju da se prijavite na svoj ra\u010dun i dodate proizvode u ko\u0161aricu te sigurnu naplatu.<\/p>\n<p>Statisti\u010dki: Ovi kola\u010di\u0107i pohranjuju informacije kao \u0161to su broj posjetitelja, broj jedinstvenih posjetitelja, koje su stranice posje\u0107ene, izvor posjeta, itd. Ti nam podaci poma\u017eu razumjeti i analizirati koliko dobro funkcionira na\u0161e web-mjesto te kako ga pobolj\u0161ati.<\/p>\n<p>Marketin\u0161ki: Na\u0161e web stranice prikazuju oglase. Ovi kola\u010di\u0107i se koriste za personalizaciju oglasa koje prikazujemo kako bi vam bile zna\u010dajne. Ovi kola\u010di\u0107i nam tako\u0111er poma\u017eu pratiti u\u010dinkovitost ovih oglasnih kampanja.<br \/>\nPodatke pohranjene u ovim kola\u010di\u0107ima tako\u0111er mogu koristiti tre\u0107e strane davatelji oglasa za prikazivanje oglasa i na drugim web stranicama u pregledniku.<\/p>\n<p>Funkcionalni: To su kola\u010di\u0107i koji poma\u017eu sporednim funkcijama na na\u0161im web stranicama. Te funkcije uklju\u010duju ugra\u0111ivanje sadr\u017eaja poput videozapisa ili opcije dijeljenja sadr\u017eaja web stranice na platformama dru\u0161tvenih medija.<\/p>\n<p>\u017deljeni odabir: Ovi kola\u010di\u0107i nam poma\u017eu pohraniti va\u0161e postavke i postavke pregledavanja kao \u0161to su jezi\u010dne postavke kako biste imali bolje i u\u010dinkovitije iskustvo pri budu\u0107im posjetima web stranicama.<\/p>\n<p>[cookie_audit columns=&#8221;cookie,description&#8221; heading=&#8221;Popis u nastavku opisuje kola\u010di\u0107e koji se koriste na na\u0161oj web stranici.&#8221;]\n<\/p><\/div>\n<h3>Kako mogu kontrolirati postavke kola\u010di\u0107a?<\/h3>\n<div>\n<p>Ako odlu\u010dite promijeniti svoje postavke kasnije tijekom sesije pregledavanja to mo\u017eete napraviti klikom na donji gumb.<\/p>\n<p>[cookie_settings margin=&#8221;10px 5px 10px 0px&#8221;]<\/p>\n<p>Osim toga, razli\u010diti preglednici pru\u017eaju razli\u010dite metode za blokiranje i brisanje kola\u010di\u0107a koje koriste web stranice. Mo\u017eete promijeniti postavke va\u0161eg preglednika da blokirati\/brisati kola\u010di\u0107e. Da biste saznali vi\u0161e o tome kako upravljati kola\u010di\u0107ima i brisati ih, posjetite wikipedia.org, www.allaboutcookies.org.<\/p>\n<\/div>\n<\/div>\n<\/div><div class=\"fusion-clearfix\"><\/div><\/div><\/div><\/div><\/div>\n","protected":false},"excerpt":{"rendered":"","protected":false},"author":35,"featured_media":0,"parent":0,"menu_order":0,"comment_status":"closed","ping_status":"closed","template":"100-width.php","meta":{"_acf_changed":false,"footnotes":""},"class_list":["post-25401","page","type-page","status-publish","hentry"],"acf":[],"yoast_head":"<!-- This site is optimized with the Yoast SEO Premium plugin v27.0 (Yoast SEO v27.0) - https:\/\/yoast.com\/product\/yoast-seo-premium-wordpress\/ -->\n<title>GDi - Cookies Policy<\/title>\n<meta name=\"robots\" content=\"index, follow, max-snippet:-1, max-image-preview:large, max-video-preview:-1\" \/>\n<link rel=\"canonical\" href=\"https:\/\/gdi.net\/hr\/cookies-policy\/\" \/>\n<meta property=\"og:locale\" content=\"hr_HR\" \/>\n<meta property=\"og:type\" content=\"article\" \/>\n<meta property=\"og:title\" content=\"Cookies Policy\" \/>\n<meta property=\"og:url\" content=\"https:\/\/gdi.net\/hr\/cookies-policy\/\" \/>\n<meta property=\"og:site_name\" content=\"GDi\" \/>\n<meta property=\"article:publisher\" content=\"https:\/\/www.facebook.com\/gdigroup\" \/>\n<meta property=\"article:modified_time\" content=\"2023-12-07T07:35:15+00:00\" \/>\n<meta property=\"og:image\" content=\"https:\/\/gdi.net\/wp-content\/uploads\/2016\/04\/GDi_cyan_logo_200px.png\" \/>\n\t<meta property=\"og:image:width\" content=\"200\" \/>\n\t<meta property=\"og:image:height\" content=\"200\" \/>\n\t<meta property=\"og:image:type\" content=\"image\/png\" \/>\n<meta name=\"twitter:card\" content=\"summary_large_image\" \/>\n<script type=\"application\/ld+json\" class=\"yoast-schema-graph\">{\"@context\":\"https:\/\/schema.org\",\"@graph\":[{\"@type\":\"WebPage\",\"@id\":\"https:\/\/gdi.net\/hr\/cookies-policy\/\",\"url\":\"https:\/\/gdi.net\/hr\/cookies-policy\/\",\"name\":\"GDi - Cookies Policy\",\"isPartOf\":{\"@id\":\"https:\/\/gdi.net\/hr\/#website\"},\"datePublished\":\"2016-08-01T12:39:37+00:00\",\"dateModified\":\"2023-12-07T07:35:15+00:00\",\"breadcrumb\":{\"@id\":\"https:\/\/gdi.net\/hr\/cookies-policy\/#breadcrumb\"},\"inLanguage\":\"hr\",\"potentialAction\":[{\"@type\":\"ReadAction\",\"target\":[\"https:\/\/gdi.net\/hr\/cookies-policy\/\"]}]},{\"@type\":\"BreadcrumbList\",\"@id\":\"https:\/\/gdi.net\/hr\/cookies-policy\/#breadcrumb\",\"itemListElement\":[{\"@type\":\"ListItem\",\"position\":1,\"name\":\"Home\",\"item\":\"https:\/\/gdi.net\/hr\/\"},{\"@type\":\"ListItem\",\"position\":2,\"name\":\"Cookies Policy\"}]},{\"@type\":\"WebSite\",\"@id\":\"https:\/\/gdi.net\/hr\/#website\",\"url\":\"https:\/\/gdi.net\/hr\/\",\"name\":\"GDi\",\"description\":\"GDi corporate website\",\"publisher\":{\"@id\":\"https:\/\/gdi.net\/hr\/#organization\"},\"potentialAction\":[{\"@type\":\"SearchAction\",\"target\":{\"@type\":\"EntryPoint\",\"urlTemplate\":\"https:\/\/gdi.net\/hr\/?s={search_term_string}\"},\"query-input\":{\"@type\":\"PropertyValueSpecification\",\"valueRequired\":true,\"valueName\":\"search_term_string\"}}],\"inLanguage\":\"hr\"},{\"@type\":\"Organization\",\"@id\":\"https:\/\/gdi.net\/hr\/#organization\",\"name\":\"GDi\",\"url\":\"https:\/\/gdi.net\/hr\/\",\"logo\":{\"@type\":\"ImageObject\",\"inLanguage\":\"hr\",\"@id\":\"https:\/\/gdi.net\/hr\/#\/schema\/logo\/image\/\",\"url\":\"https:\/\/gdi.net\/wp-content\/uploads\/2016\/04\/GDi_cyan_logo_200px.png\",\"contentUrl\":\"https:\/\/gdi.net\/wp-content\/uploads\/2016\/04\/GDi_cyan_logo_200px.png\",\"width\":200,\"height\":200,\"caption\":\"GDi\"},\"image\":{\"@id\":\"https:\/\/gdi.net\/hr\/#\/schema\/logo\/image\/\"},\"sameAs\":[\"https:\/\/www.facebook.com\/gdigroup\",\"https:\/\/www.instagram.com\/gdionegroup\/\",\"https:\/\/www.linkedin.com\/company\/gdi-group\",\"https:\/\/www.youtube.com\/channel\/UCfEnNBafyeAeqPOdfUydjBQ\"]}]}<\/script>\n<!-- \/ Yoast SEO Premium plugin. -->","yoast_head_json":{"title":"GDi - Cookies Policy","robots":{"index":"index","follow":"follow","max-snippet":"max-snippet:-1","max-image-preview":"max-image-preview:large","max-video-preview":"max-video-preview:-1"},"canonical":"https:\/\/gdi.net\/hr\/cookies-policy\/","og_locale":"hr_HR","og_type":"article","og_title":"Cookies Policy","og_url":"https:\/\/gdi.net\/hr\/cookies-policy\/","og_site_name":"GDi","article_publisher":"https:\/\/www.facebook.com\/gdigroup","article_modified_time":"2023-12-07T07:35:15+00:00","og_image":[{"width":200,"height":200,"url":"https:\/\/gdi.net\/wp-content\/uploads\/2016\/04\/GDi_cyan_logo_200px.png","type":"image\/png"}],"twitter_card":"summary_large_image","schema":{"@context":"https:\/\/schema.org","@graph":[{"@type":"WebPage","@id":"https:\/\/gdi.net\/hr\/cookies-policy\/","url":"https:\/\/gdi.net\/hr\/cookies-policy\/","name":"GDi - Cookies Policy","isPartOf":{"@id":"https:\/\/gdi.net\/hr\/#website"},"datePublished":"2016-08-01T12:39:37+00:00","dateModified":"2023-12-07T07:35:15+00:00","breadcrumb":{"@id":"https:\/\/gdi.net\/hr\/cookies-policy\/#breadcrumb"},"inLanguage":"hr","potentialAction":[{"@type":"ReadAction","target":["https:\/\/gdi.net\/hr\/cookies-policy\/"]}]},{"@type":"BreadcrumbList","@id":"https:\/\/gdi.net\/hr\/cookies-policy\/#breadcrumb","itemListElement":[{"@type":"ListItem","position":1,"name":"Home","item":"https:\/\/gdi.net\/hr\/"},{"@type":"ListItem","position":2,"name":"Cookies Policy"}]},{"@type":"WebSite","@id":"https:\/\/gdi.net\/hr\/#website","url":"https:\/\/gdi.net\/hr\/","name":"GDi","description":"GDi corporate website","publisher":{"@id":"https:\/\/gdi.net\/hr\/#organization"},"potentialAction":[{"@type":"SearchAction","target":{"@type":"EntryPoint","urlTemplate":"https:\/\/gdi.net\/hr\/?s={search_term_string}"},"query-input":{"@type":"PropertyValueSpecification","valueRequired":true,"valueName":"search_term_string"}}],"inLanguage":"hr"},{"@type":"Organization","@id":"https:\/\/gdi.net\/hr\/#organization","name":"GDi","url":"https:\/\/gdi.net\/hr\/","logo":{"@type":"ImageObject","inLanguage":"hr","@id":"https:\/\/gdi.net\/hr\/#\/schema\/logo\/image\/","url":"https:\/\/gdi.net\/wp-content\/uploads\/2016\/04\/GDi_cyan_logo_200px.png","contentUrl":"https:\/\/gdi.net\/wp-content\/uploads\/2016\/04\/GDi_cyan_logo_200px.png","width":200,"height":200,"caption":"GDi"},"image":{"@id":"https:\/\/gdi.net\/hr\/#\/schema\/logo\/image\/"},"sameAs":["https:\/\/www.facebook.com\/gdigroup","https:\/\/www.instagram.com\/gdionegroup\/","https:\/\/www.linkedin.com\/company\/gdi-group","https:\/\/www.youtube.com\/channel\/UCfEnNBafyeAeqPOdfUydjBQ"]}]}},"_links":{"self":[{"href":"https:\/\/gdi.net\/hr\/wp-json\/wp\/v2\/pages\/25401","targetHints":{"allow":["GET"]}}],"collection":[{"href":"https:\/\/gdi.net\/hr\/wp-json\/wp\/v2\/pages"}],"about":[{"href":"https:\/\/gdi.net\/hr\/wp-json\/wp\/v2\/types\/page"}],"author":[{"embeddable":true,"href":"https:\/\/gdi.net\/hr\/wp-json\/wp\/v2\/users\/35"}],"replies":[{"embeddable":true,"href":"https:\/\/gdi.net\/hr\/wp-json\/wp\/v2\/comments?post=25401"}],"version-history":[{"count":2,"href":"https:\/\/gdi.net\/hr\/wp-json\/wp\/v2\/pages\/25401\/revisions"}],"predecessor-version":[{"id":122944,"href":"https:\/\/gdi.net\/hr\/wp-json\/wp\/v2\/pages\/25401\/revisions\/122944"}],"wp:attachment":[{"href":"https:\/\/gdi.net\/hr\/wp-json\/wp\/v2\/media?parent=25401"}],"curies":[{"name":"wp","href":"https:\/\/api.w.org\/{rel}","templated":true}]}}